{"id":4106,"date":"2023-02-09T12:33:16","date_gmt":"2023-02-09T10:33:16","guid":{"rendered":"https:\/\/moonshotpro.gr\/terms-of-use\/"},"modified":"2025-02-06T11:34:09","modified_gmt":"2025-02-06T09:34:09","slug":"terms-of-use","status":"publish","type":"page","link":"https:\/\/moonshotpro.gr\/fr\/terms-of-use\/","title":{"rendered":"Conditions d&rsquo;utilisation"},"content":{"rendered":"\n<p>Ces conditions g\u00e9n\u00e9rales d&rsquo;utilisation (\u00ab\u00a0Accord\u00a0\u00bb) \u00e9tablissent les termes et conditions g\u00e9n\u00e9raux de votre utilisation du site&nbsp;<a href=\"http:\/\/www.moonshotpro.gr\/\">www.moonshotpro.gr<\/a>&nbsp;(\u00ab\u00a0Site Web\u00a0\u00bb ou \u00ab\u00a0Service\u00a0\u00bb) et de tous ses produits et services associ\u00e9s (collectivement, les \u00ab\u00a0Services\u00a0\u00bb). Cet Accord est juridiquement contraignant entre vous (\u00ab\u00a0Utilisateur\u00a0\u00bb, \u00ab\u00a0vous\u00a0\u00bb ou \u00ab\u00a0votre\u00a0\u00bb) et Moonshot Productions (\u00ab\u00a0Moonshot Productions\u00a0\u00bb, \u00ab\u00a0nous\u00a0\u00bb, \u00ab\u00a0notre\u00a0\u00bb ou \u00ab\u00a0nos\u00a0\u00bb). Si vous concluez cet accord au nom d&rsquo;une entreprise ou d&rsquo;une autre entit\u00e9 juridique, vous d\u00e9clarez que vous avez l&rsquo;autorit\u00e9 pour engager cette entit\u00e9 \u00e0 cet accord, auquel cas les termes \u00ab\u00a0Utilisateur\u00a0\u00bb, \u00ab\u00a0vous\u00a0\u00bb ou \u00ab\u00a0votre\u00a0\u00bb feront r\u00e9f\u00e9rence \u00e0 cette entit\u00e9. Si vous n&rsquo;avez pas cette autorit\u00e9 ou si vous n&rsquo;acceptez pas les termes de cet accord, vous ne devez pas accepter cet accord et ne pouvez pas acc\u00e9der au Site Web ni utiliser les Services. En acc\u00e9dant et en utilisant le Site Web et les Services, vous reconnaissez avoir lu, compris et accept\u00e9 d&rsquo;\u00eatre li\u00e9 par les termes de cet Accord. Vous reconnaissez que cet Accord est un contrat entre vous et Moonshot Productions, m\u00eame s&rsquo;il est \u00e9lectronique et n&rsquo;est pas sign\u00e9 physiquement par vous, et qu&rsquo;il r\u00e9git votre utilisation du Site Web et des Services.<\/p>\n\n\n\n<p><strong>Termes G\u00e9n\u00e9raux<\/strong><\/p>\n\n\n\n<p>Cet Accord repr\u00e9sente la totalit\u00e9 de la compr\u00e9hension entre vous (\u00ab\u00a0Utilisateur\u00a0\u00bb, \u00ab\u00a0vous\u00a0\u00bb ou \u00ab\u00a0votre\u00a0\u00bb) et Moonshot Productions (\u00ab\u00a0nous\u00a0\u00bb, \u00ab\u00a0notre\u00a0\u00bb ou \u00ab\u00a0nos\u00a0\u00bb) et remplace tous les accords et ententes ant\u00e9rieurs entre les parties. Le manquement de l&rsquo;une des parties \u00e0 appliquer une disposition de cet Accord ne doit pas \u00eatre interpr\u00e9t\u00e9 comme une renonciation \u00e0 toute disposition ou droit. Si une disposition de cet Accord est jug\u00e9e invalide ou inapplicable, les autres dispositions resteront en vigueur.<\/p>\n\n\n\n<p><strong>Licence<\/strong><\/p>\n\n\n\n<p>Moonshot Productions vous accorde une licence r\u00e9voquable, non exclusive, non transf\u00e9rable et limit\u00e9e pour acc\u00e9der et utiliser notre site Web et nos services pour votre usage personnel ou commercial, sous r\u00e9serve des termes et conditions de cet Accord. Vous acceptez d&rsquo;utiliser notre site Web et nos services uniquement \u00e0 des fins l\u00e9gales et conform\u00e9ment \u00e0 cet Accord.<\/p>\n\n\n\n<p>Vous ne pouvez pas copier, modifier, distribuer, vendre ou louer une partie de notre site Web ou de nos services, sauf autorisation expresse dans cet Accord. Vous ne pouvez pas effectuer de r\u00e9tro-ing\u00e9nierie ou tenter d&rsquo;extraire le code source de tout logiciel utilis\u00e9 sur notre site Web ou nos services, sauf si la l\u00e9gislation applicable interdit de telles restrictions ou si vous avez notre autorisation \u00e9crite.<\/p>\n\n\n\n<p>Toute utilisation non autoris\u00e9e de notre site Web ou de nos services met fin \u00e0 la licence qui vous est accord\u00e9e. Nous nous r\u00e9servons le droit de r\u00e9silier ou de suspendre votre acc\u00e8s \u00e0 notre site Web ou \u00e0 nos services, en tout ou en partie, \u00e0 tout moment et pour toute raison, sans pr\u00e9avis ni responsabilit\u00e9 \u00e0 votre \u00e9gard.<\/p>\n\n\n\n<p><strong>D\u00e9finitions et Termes Cl\u00e9s<\/strong><\/p>\n\n\n\n<p>Pour clarifier les choses dans ces Conditions G\u00e9n\u00e9rales, chaque fois que l&rsquo;un de ces termes est mentionn\u00e9, il est strictement d\u00e9fini comme suit :<\/p>\n\n\n\n<ul class=\"wp-block-list\">\n<li><strong>Cookie<\/strong>\u00a0: une petite quantit\u00e9 de donn\u00e9es g\u00e9n\u00e9r\u00e9e par un site Web et sauvegard\u00e9e par votre navigateur. Il est utilis\u00e9 pour identifier votre navigateur, fournir des analyses et se souvenir d&rsquo;informations vous concernant, comme vos pr\u00e9f\u00e9rences linguistiques ou vos informations de connexion.<\/li>\n\n\n\n<li><strong>Accord<\/strong>\u00a0: d\u00e9signe ces Conditions d&rsquo;Utilisation et toute condition suppl\u00e9mentaire que nous pourrions vous fournir de temps \u00e0 autre en relation avec votre utilisation de notre site Web et de nos services.<\/li>\n\n\n\n<li><strong>Contenu<\/strong>\u00a0: d\u00e9signe tout mat\u00e9riel, y compris mais sans se limiter \u00e0 des textes, graphiques, images, logiciels et vid\u00e9os, accessibles via notre site Web et nos services.<\/li>\n\n\n\n<li><strong>Propri\u00e9t\u00e9 Intellectuelle<\/strong>\u00a0: d\u00e9signe tous les droits de propri\u00e9t\u00e9 intellectuelle, y compris mais sans se limiter aux brevets, marques d\u00e9pos\u00e9es, secrets commerciaux, droits d&rsquo;auteur et autres droits de propri\u00e9t\u00e9.<\/li>\n\n\n\n<li><strong>Utilisateur<\/strong>\u00a0: d\u00e9signe toute personne acc\u00e9dant \u00e0 ou utilisant notre site Web et nos services.<\/li>\n\n\n\n<li><strong>\u00ab\u00a0Vous\u00a0\u00bb ou \u00ab\u00a0Votre\u00a0\u00bb<\/strong>\u00a0: d\u00e9signe la personne ou l&rsquo;entit\u00e9 acc\u00e9dant \u00e0 ou utilisant notre site Web et nos services.<\/li>\n\n\n\n<li><strong>Appareil<\/strong>\u00a0: tout appareil connect\u00e9 \u00e0 Internet, tel qu&rsquo;un t\u00e9l\u00e9phone, une tablette, un ordinateur ou tout autre appareil pouvant \u00eatre utilis\u00e9 pour visiter notre site Web.<\/li>\n\n\n\n<li><strong>Site Web<\/strong>\u00a0: le site Moonshot Productions, accessible via l&rsquo;URL suivante : moonshotpro.gr<\/li>\n<\/ul>\n\n\n\n<p><strong>Restrictions<\/strong><\/p>\n\n\n\n<p>Vous vous engagez \u00e0 ne pas faire les choses suivantes lors de l&rsquo;acc\u00e8s \u00e0 ou de l&rsquo;utilisation de notre site Web et de nos services :<\/p>\n\n\n\n<ul class=\"wp-block-list\">\n<li>Violer toute loi, r\u00e9glementation ou r\u00e8gle applicable ;<\/li>\n\n\n\n<li>Enfreindre des droits de Propri\u00e9t\u00e9 Intellectuelle, y compris mais sans se limiter aux droits d&rsquo;auteur, brevets, marques d\u00e9pos\u00e9es ou secrets commerciaux ;<\/li>\n\n\n\n<li>Utiliser notre site Web et nos services \u00e0 des fins ill\u00e9gales, frauduleuses ou malveillantes ;<\/li>\n\n\n\n<li>Transmettre des mat\u00e9riaux diffamatoires, obsc\u00e8nes ou offensants, ou qui promeuvent la haine ou la discrimination contre toute personne ou groupe ;<\/li>\n\n\n\n<li>Interf\u00e9rer avec ou perturber l&rsquo;int\u00e9grit\u00e9 ou les performances de notre site Web et de nos services, ou de toute donn\u00e9e, \u00e9quipement ou r\u00e9seau utilis\u00e9 pour fournir notre site Web et nos services ;<\/li>\n\n\n\n<li>Engager une activit\u00e9 qui impose une charge d\u00e9raisonnable ou excessive sur notre site Web et nos services, ou qui interf\u00e8re avec l&rsquo;acc\u00e8s d&rsquo;autres utilisateurs \u00e0 notre site Web et \u00e0 nos services ;<\/li>\n\n\n\n<li>Tenter d&rsquo;acc\u00e9der sans autorisation \u00e0 notre site Web et \u00e0 nos services, ou \u00e0 toute donn\u00e9e, \u00e9quipement ou r\u00e9seau utilis\u00e9 pour fournir notre site Web et nos services ;<\/li>\n\n\n\n<li>Utiliser des moyens automatis\u00e9s, tels que des robots ou des araign\u00e9es, pour acc\u00e9der \u00e0 notre site Web et nos services, ou pour collecter des informations de notre site Web et de nos services ;<\/li>\n\n\n\n<li>Usurper l&rsquo;identit\u00e9 de toute personne ou entit\u00e9, ou faire faussement croire \u00e0 votre affiliation avec toute personne ou entit\u00e9.<\/li>\n<\/ul>\n\n\n\n<p><strong>Votre Consentement<\/strong><\/p>\n\n\n\n<p>En acc\u00e9dant \u00e0 ou en utilisant notre site Web et nos services, vous acceptez d&rsquo;\u00eatre li\u00e9 par ces Conditions d&rsquo;Utilisation et toute condition suppl\u00e9mentaire que nous pourrions vous fournir de temps \u00e0 autre en relation avec votre utilisation de notre site Web et de nos services.<\/p>\n\n\n\n<p>Vous reconnaissez \u00e9galement que nous pouvons collecter, utiliser et divulguer vos informations personnelles conform\u00e9ment \u00e0 notre Politique de Confidentialit\u00e9, qui est incorpor\u00e9e par r\u00e9f\u00e9rence dans ces Conditions d&rsquo;Utilisation.<\/p>\n\n\n\n<p>Si vous n&rsquo;acceptez pas ces Conditions d&rsquo;Utilisation ou notre Politique de Confidentialit\u00e9, vous ne devez pas acc\u00e9der ou utiliser notre site Web et nos services.<\/p>\n\n\n\n<p><strong>Liens vers d&rsquo;autres sites Web<\/strong><\/p>\n\n\n\n<p>Notre site Web et nos services peuvent contenir des liens vers des sites Web ou ressources tiers qui ne sont pas d\u00e9tenus ou contr\u00f4l\u00e9s par nous. Nous ne sommes pas responsables du contenu, des produits ou des services fournis par ces sites Web ou ressources tiers, ni des dommages, pertes ou autres responsabilit\u00e9s pouvant r\u00e9sulter de votre utilisation de ces sites Web ou ressources.<\/p>\n\n\n\n<p>Nous fournissons ces liens uniquement \u00e0 titre de commodit\u00e9 et l&rsquo;inclusion de tout lien ne signifie pas que nous approuvons le site Web ou la ressource li\u00e9e. Vous reconnaissez et acceptez que nous ne serons pas responsables ou responsables, directement ou indirectement, de tout dommage ou perte caus\u00e9 ou pr\u00e9sum\u00e9 caus\u00e9 par ou en lien avec l&rsquo;utilisation de ou la confiance dans tout contenu, bien ou service disponible sur ou via ces sites Web ou ressources.<\/p>\n\n\n\n<p>Nous vous encourageons \u00e0 consulter les conditions d&rsquo;utilisation et les politiques de confidentialit\u00e9 de tout site Web ou ressource tiers que vous acc\u00e9dez ou utilisez.<\/p>\n\n\n\n<p><strong>Modifications de nos Conditions d&rsquo;Utilisation<\/strong><\/p>\n\n\n\n<p>Nous nous r\u00e9servons le droit de modifier ou de mettre \u00e0 jour ces Conditions d&rsquo;Utilisation \u00e0 tout moment sans pr\u00e9avis. Cela peut \u00eatre fait pour diverses raisons, telles que pour refl\u00e9ter des changements dans nos services ou les lois applicables, ou pour traiter de nouvelles questions qui peuvent surgir.<\/p>\n\n\n\n<p>Votre utilisation continue de notre site Web et de nos services apr\u00e8s toute modification de ces Conditions d&rsquo;Utilisation constitue votre acceptation de ces modifications. Par cons\u00e9quent, nous vous encourageons \u00e0 consulter ces Conditions d&rsquo;Utilisation p\u00e9riodiquement pour \u00eatre inform\u00e9 de tout changement pouvant vous concerner.<\/p>\n\n\n\n<p>Si vous n&rsquo;acceptez pas les conditions modifi\u00e9es, vous devez imm\u00e9diatement cesser d&rsquo;utiliser notre site Web et nos services.<\/p>\n\n\n\n<p><strong>Mises \u00e0 jour de notre site Web<\/strong><\/p>\n\n\n\n<p>Nous pouvons apporter des modifications ou des mises \u00e0 jour \u00e0 notre site Web \u00e0 tout moment sans pr\u00e9avis. Ces mises \u00e0 jour peuvent inclure des modifications de la conception, de la mise en page, des fonctionnalit\u00e9s, de la fonctionnalit\u00e9 ou du contenu de notre site Web.<\/p>\n\n\n\n<p>Nous ferons des efforts raisonnables pour garantir que notre site Web soit toujours disponible et fonctionne correctement, mais nous ne pouvons pas garantir qu&rsquo;il sera toujours exempt d&rsquo;erreurs, de bugs ou d&rsquo;interruptions. Nous pouvons \u00eatre amen\u00e9s \u00e0 suspendre ou r\u00e9silier l&rsquo;acc\u00e8s \u00e0 notre site Web temporairement ou d\u00e9finitivement pour maintenance, r\u00e9parations, mises \u00e0 niveau ou autres raisons.<\/p>\n\n\n\n<p>Nous pouvons \u00e9galement introduire de nouveaux services, produits ou fonctionnalit\u00e9s sur notre site Web de temps \u00e0 autre. Votre utilisation de nouveaux services, produits ou fonctionnalit\u00e9s peut \u00eatre soumise \u00e0 des conditions suppl\u00e9mentaires, qui vous seront communiqu\u00e9es au moment de l&rsquo;introduction.<\/p>\n\n\n\n<p><strong>Propri\u00e9t\u00e9 et droits sur le contenu<\/strong><\/p>\n\n\n\n<p>Tout le contenu disponible sur notre site web, y compris mais sans s&rsquo;y limiter, les textes, images, vid\u00e9os, graphiques, logiciels et autres mat\u00e9riaux, sont prot\u00e9g\u00e9s par des droits d&rsquo;auteur et autres droits de propri\u00e9t\u00e9 intellectuelle. Vous ne pouvez pas copier, distribuer, modifier, afficher publiquement ou cr\u00e9er des \u0153uvres d\u00e9riv\u00e9es de notre contenu sans notre autorisation expresse et \u00e9crite.<\/p>\n\n\n\n<p>Nous nous r\u00e9servons tous les droits qui ne sont pas express\u00e9ment accord\u00e9s dans ces Conditions d&rsquo;utilisation.<\/p>\n\n\n\n<p><strong>Comportement de l&rsquo;utilisateur<\/strong><\/p>\n\n\n\n<p>En utilisant notre site web et nos services, vous vous engagez \u00e0 :<\/p>\n\n\n\n<ul class=\"wp-block-list\">\n<li>Respecter toutes les lois et r\u00e9glementations applicables ;<\/li>\n\n\n\n<li>Utiliser notre site de mani\u00e8re responsable et professionnelle ;<\/li>\n\n\n\n<li>Ne pas perturber l&rsquo;utilisation de notre site par d&rsquo;autres utilisateurs ou nuire \u00e0 la performance du site.<\/li>\n<\/ul>\n\n\n\n<p>Nous nous r\u00e9servons le droit de suspendre ou de r\u00e9silier l&rsquo;acc\u00e8s \u00e0 notre site pour toute personne qui viole ces engagements.<\/p>\n\n\n\n<p><strong>Exclusion de garanties et limitation de responsabilit\u00e9<\/strong><\/p>\n\n\n\n<p>Nous fournissons notre site web et nos services \u00ab\u00a0tels quels\u00a0\u00bb, sans aucune garantie expresse ou implicite, qu&rsquo;elle soit l\u00e9gale, commerciale ou autre, concernant leur disponibilit\u00e9, leur qualit\u00e9, leur pr\u00e9cision ou leur fiabilit\u00e9. Dans la mesure permise par la loi, nous excluons toute responsabilit\u00e9 pour tout dommage direct, indirect, sp\u00e9cial ou accessoire r\u00e9sultant de l&rsquo;utilisation de notre site web et de nos services.<\/p>\n\n\n\n<p><strong>Indemnisation<\/strong><\/p>\n\n\n\n<p>Vous acceptez de d\u00e9fendre, indemniser et tenir Moonshot Productions, ses partenaires, employ\u00e9s et agents \u00e0 l&rsquo;abri de toute r\u00e9clamation, perte, dommage, responsabilit\u00e9 ou frais (y compris les honoraires d&rsquo;avocat) d\u00e9coulant de ou li\u00e9s \u00e0 votre utilisation de notre site web, de vos violations des pr\u00e9sentes Conditions d&rsquo;utilisation, ou de toute violation de droits de propri\u00e9t\u00e9 intellectuelle ou autres droits de tiers.<\/p>\n\n\n\n<p><strong>R\u00e9siliation<\/strong><\/p>\n\n\n\n<p>Nous pouvons suspendre ou r\u00e9silier votre acc\u00e8s \u00e0 notre site web et \u00e0 nos services \u00e0 tout moment, avec ou sans motif, si nous estimons que vous avez viol\u00e9 ces Conditions d&rsquo;utilisation. Vous pouvez \u00e9galement r\u00e9silier votre compte en nous informant par \u00e9crit.<\/p>\n\n\n\n<p><strong>Loi applicable et r\u00e8glement des litiges<\/strong><\/p>\n\n\n\n<p>Ces Conditions d&rsquo;utilisation sont r\u00e9gies par la l\u00e9gislation en vigueur dans le pays o\u00f9 Moonshot Productions est \u00e9tabli. En cas de litige, vous acceptez de vous soumettre \u00e0 la comp\u00e9tence exclusive des tribunaux de ce pays.<\/p>\n\n\n\n<p><strong>Nous contacter<\/strong><\/p>\n\n\n\n<p>Si vous avez des questions ou des pr\u00e9occupations concernant notre site web ou les pr\u00e9sentes conditions g\u00e9n\u00e9rales, n&rsquo;h\u00e9sitez pas \u00e0 nous contacter.<\/p>\n\n\n\n<p>Nous ferons de notre mieux pour r\u00e9pondre \u00e0 votre demande dans les meilleurs d\u00e9lais.<\/p>\n\n\n\n<p><\/p>\n","protected":false},"excerpt":{"rendered":"<p>Ces conditions g\u00e9n\u00e9rales d&rsquo;utilisation (\u00ab\u00a0Accord\u00a0\u00bb) \u00e9tablissent les termes et conditions g\u00e9n\u00e9raux de votre utilisation du site&nbsp;www.moonshotpro.gr&nbsp;(\u00ab\u00a0Site Web\u00a0\u00bb ou \u00ab\u00a0Service\u00a0\u00bb) et de tous ses produits et services associ\u00e9s (collectivement, les \u00ab\u00a0Services\u00a0\u00bb). Cet Accord est juridiquement contraignant entre vous (\u00ab\u00a0Utilisateur\u00a0\u00bb, \u00ab\u00a0vous\u00a0\u00bb ou \u00ab\u00a0votre\u00a0\u00bb) et Moonshot Productions (\u00ab\u00a0Moonshot Productions\u00a0\u00bb, \u00ab\u00a0nous\u00a0\u00bb, \u00ab\u00a0notre\u00a0\u00bb ou \u00ab\u00a0nos\u00a0\u00bb). Si vous concluez cet accord [&hellip;]<\/p>\n","protected":false},"author":3,"featured_media":0,"parent":0,"menu_order":0,"comment_status":"closed","ping_status":"closed","template":"","meta":{"inline_featured_image":false,"footnotes":""},"class_list":["post-4106","page","type-page","status-publish","hentry"],"yoast_head":"<!-- This site is optimized with the Yoast SEO plugin v20.8 - https:\/\/yoast.com\/wordpress\/plugins\/seo\/ -->\n<title>Conditions d&#039;utilisation - MoonShot<\/title>\n<meta name=\"description\" content=\"Moonshot Productions se sp\u00e9cialise dans la production de contenu visuel par le biais de photographies, de vid\u00e9ographies et de visites virtuelles en 3D de haute qualit\u00e9.\" \/>\n<meta name=\"robots\" content=\"index, follow, max-snippet:-1, max-image-preview:large, max-video-preview:-1\" \/>\n<link rel=\"canonical\" href=\"https:\/\/moonshotpro.gr\/fr\/terms-of-use\/\" \/>\n<meta property=\"og:locale\" content=\"fr_FR\" \/>\n<meta property=\"og:type\" content=\"article\" \/>\n<meta property=\"og:title\" content=\"Conditions d&#039;utilisation - MoonShot\" \/>\n<meta property=\"og:description\" content=\"Moonshot Productions se sp\u00e9cialise dans la production de contenu visuel par le biais de photographies, de vid\u00e9ographies et de visites virtuelles en 3D de haute qualit\u00e9.\" \/>\n<meta property=\"og:url\" content=\"https:\/\/moonshotpro.gr\/fr\/terms-of-use\/\" \/>\n<meta property=\"og:site_name\" content=\"MoonShot\" \/>\n<meta property=\"article:modified_time\" content=\"2025-02-06T09:34:09+00:00\" \/>\n<meta property=\"og:image\" content=\"https:\/\/moonshotpro.gr\/wp-content\/uploads\/2023\/03\/Moonshot-OG-image-v2.jpg\" \/>\n\t<meta property=\"og:image:width\" content=\"1200\" \/>\n\t<meta property=\"og:image:height\" content=\"630\" \/>\n\t<meta property=\"og:image:type\" content=\"image\/jpeg\" \/>\n<meta name=\"twitter:card\" content=\"summary_large_image\" \/>\n<meta name=\"twitter:label1\" content=\"Dur\u00e9e de lecture estim\u00e9e\" \/>\n\t<meta name=\"twitter:data1\" content=\"9 minutes\" \/>\n<script type=\"application\/ld+json\" class=\"yoast-schema-graph\">{\"@context\":\"https:\/\/schema.org\",\"@graph\":[{\"@type\":\"WebPage\",\"@id\":\"https:\/\/moonshotpro.gr\/fr\/terms-of-use\/\",\"url\":\"https:\/\/moonshotpro.gr\/fr\/terms-of-use\/\",\"name\":\"Conditions d'utilisation - MoonShot\",\"isPartOf\":{\"@id\":\"https:\/\/moonshotpro.gr\/#website\"},\"datePublished\":\"2023-02-09T10:33:16+00:00\",\"dateModified\":\"2025-02-06T09:34:09+00:00\",\"description\":\"Moonshot Productions se sp\u00e9cialise dans la production de contenu visuel par le biais de photographies, de vid\u00e9ographies et de visites virtuelles en 3D de haute qualit\u00e9.\",\"breadcrumb\":{\"@id\":\"https:\/\/moonshotpro.gr\/fr\/terms-of-use\/#breadcrumb\"},\"inLanguage\":\"fr-FR\",\"potentialAction\":[{\"@type\":\"ReadAction\",\"target\":[\"https:\/\/moonshotpro.gr\/fr\/terms-of-use\/\"]}]},{\"@type\":\"BreadcrumbList\",\"@id\":\"https:\/\/moonshotpro.gr\/fr\/terms-of-use\/#breadcrumb\",\"itemListElement\":[{\"@type\":\"ListItem\",\"position\":1,\"name\":\"Home\",\"item\":\"https:\/\/moonshotpro.gr\/fr\/\"},{\"@type\":\"ListItem\",\"position\":2,\"name\":\"Conditions d&#8217;utilisation\"}]},{\"@type\":\"WebSite\",\"@id\":\"https:\/\/moonshotpro.gr\/#website\",\"url\":\"https:\/\/moonshotpro.gr\/\",\"name\":\"Moonshot Productions\",\"description\":\"Productions\",\"publisher\":{\"@id\":\"https:\/\/moonshotpro.gr\/#organization\"},\"potentialAction\":[{\"@type\":\"SearchAction\",\"target\":{\"@type\":\"EntryPoint\",\"urlTemplate\":\"https:\/\/moonshotpro.gr\/?s={search_term_string}\"},\"query-input\":\"required name=search_term_string\"}],\"inLanguage\":\"fr-FR\"},{\"@type\":\"Organization\",\"@id\":\"https:\/\/moonshotpro.gr\/#organization\",\"name\":\"Moonshot Productions\",\"url\":\"https:\/\/moonshotpro.gr\/\",\"logo\":{\"@type\":\"ImageObject\",\"inLanguage\":\"fr-FR\",\"@id\":\"https:\/\/moonshotpro.gr\/#\/schema\/logo\/image\/\",\"url\":\"https:\/\/moonshotpro.gr\/wp-content\/uploads\/2023\/03\/logo-dark.png\",\"contentUrl\":\"https:\/\/moonshotpro.gr\/wp-content\/uploads\/2023\/03\/logo-dark.png\",\"width\":696,\"height\":696,\"caption\":\"Moonshot Productions\"},\"image\":{\"@id\":\"https:\/\/moonshotpro.gr\/#\/schema\/logo\/image\/\"}}]}<\/script>\n<!-- \/ Yoast SEO plugin. -->","yoast_head_json":{"title":"Conditions d'utilisation - MoonShot","description":"Moonshot Productions se sp\u00e9cialise dans la production de contenu visuel par le biais de photographies, de vid\u00e9ographies et de visites virtuelles en 3D de haute qualit\u00e9.","robots":{"index":"index","follow":"follow","max-snippet":"max-snippet:-1","max-image-preview":"max-image-preview:large","max-video-preview":"max-video-preview:-1"},"canonical":"https:\/\/moonshotpro.gr\/fr\/terms-of-use\/","og_locale":"fr_FR","og_type":"article","og_title":"Conditions d'utilisation - MoonShot","og_description":"Moonshot Productions se sp\u00e9cialise dans la production de contenu visuel par le biais de photographies, de vid\u00e9ographies et de visites virtuelles en 3D de haute qualit\u00e9.","og_url":"https:\/\/moonshotpro.gr\/fr\/terms-of-use\/","og_site_name":"MoonShot","article_modified_time":"2025-02-06T09:34:09+00:00","og_image":[{"width":1200,"height":630,"url":"https:\/\/moonshotpro.gr\/wp-content\/uploads\/2023\/03\/Moonshot-OG-image-v2.jpg","type":"image\/jpeg"}],"twitter_card":"summary_large_image","twitter_misc":{"Dur\u00e9e de lecture estim\u00e9e":"9 minutes"},"schema":{"@context":"https:\/\/schema.org","@graph":[{"@type":"WebPage","@id":"https:\/\/moonshotpro.gr\/fr\/terms-of-use\/","url":"https:\/\/moonshotpro.gr\/fr\/terms-of-use\/","name":"Conditions d'utilisation - MoonShot","isPartOf":{"@id":"https:\/\/moonshotpro.gr\/#website"},"datePublished":"2023-02-09T10:33:16+00:00","dateModified":"2025-02-06T09:34:09+00:00","description":"Moonshot Productions se sp\u00e9cialise dans la production de contenu visuel par le biais de photographies, de vid\u00e9ographies et de visites virtuelles en 3D de haute qualit\u00e9.","breadcrumb":{"@id":"https:\/\/moonshotpro.gr\/fr\/terms-of-use\/#breadcrumb"},"inLanguage":"fr-FR","potentialAction":[{"@type":"ReadAction","target":["https:\/\/moonshotpro.gr\/fr\/terms-of-use\/"]}]},{"@type":"BreadcrumbList","@id":"https:\/\/moonshotpro.gr\/fr\/terms-of-use\/#breadcrumb","itemListElement":[{"@type":"ListItem","position":1,"name":"Home","item":"https:\/\/moonshotpro.gr\/fr\/"},{"@type":"ListItem","position":2,"name":"Conditions d&#8217;utilisation"}]},{"@type":"WebSite","@id":"https:\/\/moonshotpro.gr\/#website","url":"https:\/\/moonshotpro.gr\/","name":"Moonshot Productions","description":"Productions","publisher":{"@id":"https:\/\/moonshotpro.gr\/#organization"},"potentialAction":[{"@type":"SearchAction","target":{"@type":"EntryPoint","urlTemplate":"https:\/\/moonshotpro.gr\/?s={search_term_string}"},"query-input":"required name=search_term_string"}],"inLanguage":"fr-FR"},{"@type":"Organization","@id":"https:\/\/moonshotpro.gr\/#organization","name":"Moonshot Productions","url":"https:\/\/moonshotpro.gr\/","logo":{"@type":"ImageObject","inLanguage":"fr-FR","@id":"https:\/\/moonshotpro.gr\/#\/schema\/logo\/image\/","url":"https:\/\/moonshotpro.gr\/wp-content\/uploads\/2023\/03\/logo-dark.png","contentUrl":"https:\/\/moonshotpro.gr\/wp-content\/uploads\/2023\/03\/logo-dark.png","width":696,"height":696,"caption":"Moonshot Productions"},"image":{"@id":"https:\/\/moonshotpro.gr\/#\/schema\/logo\/image\/"}}]}},"_links":{"self":[{"href":"https:\/\/moonshotpro.gr\/fr\/wp-json\/wp\/v2\/pages\/4106","targetHints":{"allow":["GET"]}}],"collection":[{"href":"https:\/\/moonshotpro.gr\/fr\/wp-json\/wp\/v2\/pages"}],"about":[{"href":"https:\/\/moonshotpro.gr\/fr\/wp-json\/wp\/v2\/types\/page"}],"author":[{"embeddable":true,"href":"https:\/\/moonshotpro.gr\/fr\/wp-json\/wp\/v2\/users\/3"}],"replies":[{"embeddable":true,"href":"https:\/\/moonshotpro.gr\/fr\/wp-json\/wp\/v2\/comments?post=4106"}],"version-history":[{"count":4,"href":"https:\/\/moonshotpro.gr\/fr\/wp-json\/wp\/v2\/pages\/4106\/revisions"}],"predecessor-version":[{"id":4337,"href":"https:\/\/moonshotpro.gr\/fr\/wp-json\/wp\/v2\/pages\/4106\/revisions\/4337"}],"wp:attachment":[{"href":"https:\/\/moonshotpro.gr\/fr\/wp-json\/wp\/v2\/media?parent=4106"}],"curies":[{"name":"wp","href":"https:\/\/api.w.org\/{rel}","templated":true}]}}