{"id":4103,"date":"2023-02-09T12:33:16","date_gmt":"2023-02-09T10:33:16","guid":{"rendered":"https:\/\/moonshotpro.gr\/sample-page\/"},"modified":"2026-01-26T10:30:17","modified_gmt":"2026-01-26T08:30:17","slug":"sample-page","status":"publish","type":"page","link":"https:\/\/moonshotpro.gr\/fr\/","title":{"rendered":"Page d&rsquo;accueil"},"content":{"rendered":"\n<p>Bienvenue chez Moonshot Productions, o\u00f9 nous mettons en valeur des espaces d&rsquo;exception gr\u00e2ce \u00e0 une photographie de haute qualit\u00e9, une vid\u00e9ographie de pointe et des visites virtuelles 3D immersives. Des villas de luxe aux h\u00f4tels de charme en passant par les propri\u00e9t\u00e9s priv\u00e9es uniques, nous cr\u00e9ons du contenu visuel qui captive, suscite l\u2019int\u00e9r\u00eat et valorise chaque lieu.<\/p>\n\n\n\n<p>Avec une \u00e9quipe de professionnels passionn\u00e9s et exp\u00e9riment\u00e9s, nous nous engageons \u00e0 r\u00e9v\u00e9ler tout le potentiel de chaque espace, transformant les propri\u00e9t\u00e9s en exp\u00e9riences visuelles inoubliables.<\/p>\n\n\n\n<p><\/p>\n","protected":false},"excerpt":{"rendered":"<p>Bienvenue chez Moonshot Productions, o\u00f9 nous mettons en valeur des espaces d&rsquo;exception gr\u00e2ce \u00e0 une photographie de haute qualit\u00e9, une vid\u00e9ographie de pointe et des visites virtuelles 3D immersives. Des villas de luxe aux h\u00f4tels de charme en passant par les propri\u00e9t\u00e9s priv\u00e9es uniques, nous cr\u00e9ons du contenu visuel qui captive, suscite l\u2019int\u00e9r\u00eat et valorise [&hellip;]<\/p>\n","protected":false},"author":1,"featured_media":3162,"parent":0,"menu_order":0,"comment_status":"closed","ping_status":"closed","template":"home-page.php","meta":{"inline_featured_image":false,"footnotes":""},"class_list":["post-4103","page","type-page","status-publish","has-post-thumbnail","hentry"],"yoast_head":"<!-- This site is optimized with the Yoast SEO plugin v20.8 - https:\/\/yoast.com\/wordpress\/plugins\/seo\/ -->\n<title>Page d&#039;accueil - MoonShot<\/title>\n<meta name=\"description\" content=\"Moonshot Productions se sp\u00e9cialise dans la production de contenu visuel par le biais de photographies, de vid\u00e9ographies et de visites virtuelles en 3D de haute qualit\u00e9.\" \/>\n<meta name=\"robots\" content=\"index, follow, max-snippet:-1, max-image-preview:large, max-video-preview:-1\" \/>\n<link rel=\"canonical\" href=\"https:\/\/moonshotpro.gr\/fr\/\" \/>\n<meta property=\"og:locale\" content=\"fr_FR\" \/>\n<meta property=\"og:type\" content=\"article\" \/>\n<meta property=\"og:title\" content=\"Moonshot Productions\" \/>\n<meta property=\"og:description\" content=\"Moonshot Productions se sp\u00e9cialise dans la production de contenu visuel par le biais de photographies, de vid\u00e9ographies et de visites virtuelles en 3D de haute qualit\u00e9.\" \/>\n<meta property=\"og:url\" content=\"https:\/\/moonshotpro.gr\/fr\/\" \/>\n<meta property=\"og:site_name\" content=\"MoonShot\" \/>\n<meta property=\"article:modified_time\" content=\"2026-01-26T08:30:17+00:00\" \/>\n<meta property=\"og:image\" content=\"https:\/\/moonshotpro.gr\/wp-content\/uploads\/2023\/03\/Moonshot-OG-image-v2.jpg\" \/>\n\t<meta property=\"og:image:width\" content=\"1200\" \/>\n\t<meta property=\"og:image:height\" content=\"630\" \/>\n\t<meta property=\"og:image:type\" content=\"image\/jpeg\" \/>\n<meta name=\"twitter:card\" content=\"summary_large_image\" \/>\n<meta name=\"twitter:label1\" content=\"Dur\u00e9e de lecture estim\u00e9e\" \/>\n\t<meta name=\"twitter:data1\" content=\"1 minute\" \/>\n<script type=\"application\/ld+json\" class=\"yoast-schema-graph\">{\"@context\":\"https:\/\/schema.org\",\"@graph\":[{\"@type\":\"WebPage\",\"@id\":\"https:\/\/moonshotpro.gr\/fr\/\",\"url\":\"https:\/\/moonshotpro.gr\/fr\/\",\"name\":\"Page d'accueil - MoonShot\",\"isPartOf\":{\"@id\":\"https:\/\/moonshotpro.gr\/#website\"},\"datePublished\":\"2023-02-09T10:33:16+00:00\",\"dateModified\":\"2026-01-26T08:30:17+00:00\",\"description\":\"Moonshot Productions se sp\u00e9cialise dans la production de contenu visuel par le biais de photographies, de vid\u00e9ographies et de visites virtuelles en 3D de haute qualit\u00e9.\",\"breadcrumb\":{\"@id\":\"https:\/\/moonshotpro.gr\/fr\/#breadcrumb\"},\"inLanguage\":\"fr-FR\",\"potentialAction\":[{\"@type\":\"ReadAction\",\"target\":[\"https:\/\/moonshotpro.gr\/fr\/\"]}]},{\"@type\":\"BreadcrumbList\",\"@id\":\"https:\/\/moonshotpro.gr\/fr\/#breadcrumb\",\"itemListElement\":[{\"@type\":\"ListItem\",\"position\":1,\"name\":\"Home\",\"item\":\"https:\/\/moonshotpro.gr\/fr\/\"},{\"@type\":\"ListItem\",\"position\":2,\"name\":\"Page d&#8217;accueil\"}]},{\"@type\":\"WebSite\",\"@id\":\"https:\/\/moonshotpro.gr\/#website\",\"url\":\"https:\/\/moonshotpro.gr\/\",\"name\":\"Moonshot Productions\",\"description\":\"Productions\",\"publisher\":{\"@id\":\"https:\/\/moonshotpro.gr\/#organization\"},\"potentialAction\":[{\"@type\":\"SearchAction\",\"target\":{\"@type\":\"EntryPoint\",\"urlTemplate\":\"https:\/\/moonshotpro.gr\/?s={search_term_string}\"},\"query-input\":\"required name=search_term_string\"}],\"inLanguage\":\"fr-FR\"},{\"@type\":\"Organization\",\"@id\":\"https:\/\/moonshotpro.gr\/#organization\",\"name\":\"Moonshot Productions\",\"url\":\"https:\/\/moonshotpro.gr\/\",\"logo\":{\"@type\":\"ImageObject\",\"inLanguage\":\"fr-FR\",\"@id\":\"https:\/\/moonshotpro.gr\/#\/schema\/logo\/image\/\",\"url\":\"https:\/\/moonshotpro.gr\/wp-content\/uploads\/2023\/03\/logo-dark.png\",\"contentUrl\":\"https:\/\/moonshotpro.gr\/wp-content\/uploads\/2023\/03\/logo-dark.png\",\"width\":696,\"height\":696,\"caption\":\"Moonshot Productions\"},\"image\":{\"@id\":\"https:\/\/moonshotpro.gr\/#\/schema\/logo\/image\/\"}}]}<\/script>\n<!-- \/ Yoast SEO plugin. -->","yoast_head_json":{"title":"Page d'accueil - MoonShot","description":"Moonshot Productions se sp\u00e9cialise dans la production de contenu visuel par le biais de photographies, de vid\u00e9ographies et de visites virtuelles en 3D de haute qualit\u00e9.","robots":{"index":"index","follow":"follow","max-snippet":"max-snippet:-1","max-image-preview":"max-image-preview:large","max-video-preview":"max-video-preview:-1"},"canonical":"https:\/\/moonshotpro.gr\/fr\/","og_locale":"fr_FR","og_type":"article","og_title":"Moonshot Productions","og_description":"Moonshot Productions se sp\u00e9cialise dans la production de contenu visuel par le biais de photographies, de vid\u00e9ographies et de visites virtuelles en 3D de haute qualit\u00e9.","og_url":"https:\/\/moonshotpro.gr\/fr\/","og_site_name":"MoonShot","article_modified_time":"2026-01-26T08:30:17+00:00","og_image":[{"width":1200,"height":630,"url":"https:\/\/moonshotpro.gr\/wp-content\/uploads\/2023\/03\/Moonshot-OG-image-v2.jpg","type":"image\/jpeg"}],"twitter_card":"summary_large_image","twitter_misc":{"Dur\u00e9e de lecture estim\u00e9e":"1 minute"},"schema":{"@context":"https:\/\/schema.org","@graph":[{"@type":"WebPage","@id":"https:\/\/moonshotpro.gr\/fr\/","url":"https:\/\/moonshotpro.gr\/fr\/","name":"Page d'accueil - MoonShot","isPartOf":{"@id":"https:\/\/moonshotpro.gr\/#website"},"datePublished":"2023-02-09T10:33:16+00:00","dateModified":"2026-01-26T08:30:17+00:00","description":"Moonshot Productions se sp\u00e9cialise dans la production de contenu visuel par le biais de photographies, de vid\u00e9ographies et de visites virtuelles en 3D de haute qualit\u00e9.","breadcrumb":{"@id":"https:\/\/moonshotpro.gr\/fr\/#breadcrumb"},"inLanguage":"fr-FR","potentialAction":[{"@type":"ReadAction","target":["https:\/\/moonshotpro.gr\/fr\/"]}]},{"@type":"BreadcrumbList","@id":"https:\/\/moonshotpro.gr\/fr\/#breadcrumb","itemListElement":[{"@type":"ListItem","position":1,"name":"Home","item":"https:\/\/moonshotpro.gr\/fr\/"},{"@type":"ListItem","position":2,"name":"Page d&#8217;accueil"}]},{"@type":"WebSite","@id":"https:\/\/moonshotpro.gr\/#website","url":"https:\/\/moonshotpro.gr\/","name":"Moonshot Productions","description":"Productions","publisher":{"@id":"https:\/\/moonshotpro.gr\/#organization"},"potentialAction":[{"@type":"SearchAction","target":{"@type":"EntryPoint","urlTemplate":"https:\/\/moonshotpro.gr\/?s={search_term_string}"},"query-input":"required name=search_term_string"}],"inLanguage":"fr-FR"},{"@type":"Organization","@id":"https:\/\/moonshotpro.gr\/#organization","name":"Moonshot Productions","url":"https:\/\/moonshotpro.gr\/","logo":{"@type":"ImageObject","inLanguage":"fr-FR","@id":"https:\/\/moonshotpro.gr\/#\/schema\/logo\/image\/","url":"https:\/\/moonshotpro.gr\/wp-content\/uploads\/2023\/03\/logo-dark.png","contentUrl":"https:\/\/moonshotpro.gr\/wp-content\/uploads\/2023\/03\/logo-dark.png","width":696,"height":696,"caption":"Moonshot Productions"},"image":{"@id":"https:\/\/moonshotpro.gr\/#\/schema\/logo\/image\/"}}]}},"_links":{"self":[{"href":"https:\/\/moonshotpro.gr\/fr\/wp-json\/wp\/v2\/pages\/4103","targetHints":{"allow":["GET"]}}],"collection":[{"href":"https:\/\/moonshotpro.gr\/fr\/wp-json\/wp\/v2\/pages"}],"about":[{"href":"https:\/\/moonshotpro.gr\/fr\/wp-json\/wp\/v2\/types\/page"}],"author":[{"embeddable":true,"href":"https:\/\/moonshotpro.gr\/fr\/wp-json\/wp\/v2\/users\/1"}],"replies":[{"embeddable":true,"href":"https:\/\/moonshotpro.gr\/fr\/wp-json\/wp\/v2\/comments?post=4103"}],"version-history":[{"count":9,"href":"https:\/\/moonshotpro.gr\/fr\/wp-json\/wp\/v2\/pages\/4103\/revisions"}],"predecessor-version":[{"id":4765,"href":"https:\/\/moonshotpro.gr\/fr\/wp-json\/wp\/v2\/pages\/4103\/revisions\/4765"}],"wp:featuredmedia":[{"embeddable":true,"href":"https:\/\/moonshotpro.gr\/fr\/wp-json\/wp\/v2\/media\/3162"}],"wp:attachment":[{"href":"https:\/\/moonshotpro.gr\/fr\/wp-json\/wp\/v2\/media?parent=4103"}],"curies":[{"name":"wp","href":"https:\/\/api.w.org\/{rel}","templated":true}]}}