{"id":4101,"date":"2023-02-10T09:45:11","date_gmt":"2023-02-10T07:45:11","guid":{"rendered":"https:\/\/moonshotpro.gr\/about-moonshot\/"},"modified":"2025-04-02T10:54:15","modified_gmt":"2025-04-02T07:54:15","slug":"about-moonshot","status":"publish","type":"page","link":"https:\/\/moonshotpro.gr\/fr\/about-moonshot\/","title":{"rendered":"\u00c0 propos de Moonshot"},"content":{"rendered":"\n<p>Bienvenue chez Moonshot Productions, o\u00f9 nous transformons les espaces en histoires visuelles captivantes. Sp\u00e9cialis\u00e9s dans les propri\u00e9t\u00e9s haut de gamme, les villas de luxe, les h\u00f4tels de charme et l&rsquo;immobilier commercial, nous cr\u00e9ons des photographies \u00e9poustouflantes, des vid\u00e9os cin\u00e9matographiques et des visites virtuelles immersives en 3D qui mettent en valeur l&rsquo;essence m\u00eame de chaque lieu. Avec un sens aigu du d\u00e9tail et une passion pour la narration, nous cr\u00e9ons des visuels convaincants qui mettent en valeur un espace, suscitent l&rsquo;\u00e9motion, am\u00e9liorent son potentiel commercial et laissent une impression durable.<\/p>\n\n\n\n<p><\/p>\n","protected":false},"excerpt":{"rendered":"<p>Bienvenue chez Moonshot Productions, o\u00f9 nous transformons les espaces en histoires visuelles captivantes. Sp\u00e9cialis\u00e9s dans les propri\u00e9t\u00e9s haut de gamme, les villas de luxe, les h\u00f4tels de charme et l&rsquo;immobilier commercial, nous cr\u00e9ons des photographies \u00e9poustouflantes, des vid\u00e9os cin\u00e9matographiques et des visites virtuelles immersives en 3D qui mettent en valeur l&rsquo;essence m\u00eame de chaque lieu. [&hellip;]<\/p>\n","protected":false},"author":1,"featured_media":3161,"parent":0,"menu_order":0,"comment_status":"closed","ping_status":"closed","template":"","meta":{"inline_featured_image":false,"footnotes":""},"class_list":["post-4101","page","type-page","status-publish","has-post-thumbnail","hentry"],"yoast_head":"<!-- This site is optimized with the Yoast SEO plugin v20.8 - https:\/\/yoast.com\/wordpress\/plugins\/seo\/ -->\n<title>\u00c0 propos de Moonshot - MoonShot<\/title>\n<meta name=\"description\" content=\"Nous sommes une \u00e9quipe de professionnels passionn\u00e9s et exp\u00e9riment\u00e9s qui se consacrent \u00e0 fournir des r\u00e9sultats exceptionnels \u00e0 nos clients.\" \/>\n<meta name=\"robots\" content=\"index, follow, max-snippet:-1, max-image-preview:large, max-video-preview:-1\" \/>\n<link rel=\"canonical\" href=\"https:\/\/moonshotpro.gr\/fr\/about-moonshot\/\" \/>\n<meta property=\"og:locale\" content=\"fr_FR\" \/>\n<meta property=\"og:type\" content=\"article\" \/>\n<meta property=\"og:title\" content=\"\u00c0 propos de Moonshot - MoonShot\" \/>\n<meta property=\"og:description\" content=\"Nous sommes une \u00e9quipe de professionnels passionn\u00e9s et exp\u00e9riment\u00e9s qui se consacrent \u00e0 fournir des r\u00e9sultats exceptionnels \u00e0 nos clients.\" \/>\n<meta property=\"og:url\" content=\"https:\/\/moonshotpro.gr\/fr\/about-moonshot\/\" \/>\n<meta property=\"og:site_name\" content=\"MoonShot\" \/>\n<meta property=\"article:modified_time\" content=\"2025-04-02T07:54:15+00:00\" \/>\n<meta property=\"og:image\" content=\"https:\/\/moonshotpro.gr\/wp-content\/uploads\/2023\/03\/DJI_0918-Edit-Edit-scaled.jpg\" \/>\n\t<meta property=\"og:image:width\" content=\"2560\" \/>\n\t<meta property=\"og:image:height\" content=\"1440\" \/>\n\t<meta property=\"og:image:type\" content=\"image\/jpeg\" \/>\n<meta name=\"twitter:card\" content=\"summary_large_image\" \/>\n<meta name=\"twitter:label1\" content=\"Dur\u00e9e de lecture estim\u00e9e\" \/>\n\t<meta name=\"twitter:data1\" content=\"1 minute\" \/>\n<script type=\"application\/ld+json\" class=\"yoast-schema-graph\">{\"@context\":\"https:\/\/schema.org\",\"@graph\":[{\"@type\":\"WebPage\",\"@id\":\"https:\/\/moonshotpro.gr\/fr\/about-moonshot\/\",\"url\":\"https:\/\/moonshotpro.gr\/fr\/about-moonshot\/\",\"name\":\"\u00c0 propos de Moonshot - MoonShot\",\"isPartOf\":{\"@id\":\"https:\/\/moonshotpro.gr\/#website\"},\"datePublished\":\"2023-02-10T07:45:11+00:00\",\"dateModified\":\"2025-04-02T07:54:15+00:00\",\"description\":\"Nous sommes une \u00e9quipe de professionnels passionn\u00e9s et exp\u00e9riment\u00e9s qui se consacrent \u00e0 fournir des r\u00e9sultats exceptionnels \u00e0 nos clients.\",\"breadcrumb\":{\"@id\":\"https:\/\/moonshotpro.gr\/fr\/about-moonshot\/#breadcrumb\"},\"inLanguage\":\"fr-FR\",\"potentialAction\":[{\"@type\":\"ReadAction\",\"target\":[\"https:\/\/moonshotpro.gr\/fr\/about-moonshot\/\"]}]},{\"@type\":\"BreadcrumbList\",\"@id\":\"https:\/\/moonshotpro.gr\/fr\/about-moonshot\/#breadcrumb\",\"itemListElement\":[{\"@type\":\"ListItem\",\"position\":1,\"name\":\"Home\",\"item\":\"https:\/\/moonshotpro.gr\/fr\/\"},{\"@type\":\"ListItem\",\"position\":2,\"name\":\"\u00c0 propos de Moonshot\"}]},{\"@type\":\"WebSite\",\"@id\":\"https:\/\/moonshotpro.gr\/#website\",\"url\":\"https:\/\/moonshotpro.gr\/\",\"name\":\"Moonshot Productions\",\"description\":\"Productions\",\"publisher\":{\"@id\":\"https:\/\/moonshotpro.gr\/#organization\"},\"potentialAction\":[{\"@type\":\"SearchAction\",\"target\":{\"@type\":\"EntryPoint\",\"urlTemplate\":\"https:\/\/moonshotpro.gr\/?s={search_term_string}\"},\"query-input\":\"required name=search_term_string\"}],\"inLanguage\":\"fr-FR\"},{\"@type\":\"Organization\",\"@id\":\"https:\/\/moonshotpro.gr\/#organization\",\"name\":\"Moonshot Productions\",\"url\":\"https:\/\/moonshotpro.gr\/\",\"logo\":{\"@type\":\"ImageObject\",\"inLanguage\":\"fr-FR\",\"@id\":\"https:\/\/moonshotpro.gr\/#\/schema\/logo\/image\/\",\"url\":\"https:\/\/moonshotpro.gr\/wp-content\/uploads\/2023\/03\/logo-dark.png\",\"contentUrl\":\"https:\/\/moonshotpro.gr\/wp-content\/uploads\/2023\/03\/logo-dark.png\",\"width\":696,\"height\":696,\"caption\":\"Moonshot Productions\"},\"image\":{\"@id\":\"https:\/\/moonshotpro.gr\/#\/schema\/logo\/image\/\"}}]}<\/script>\n<!-- \/ Yoast SEO plugin. -->","yoast_head_json":{"title":"\u00c0 propos de Moonshot - MoonShot","description":"Nous sommes une \u00e9quipe de professionnels passionn\u00e9s et exp\u00e9riment\u00e9s qui se consacrent \u00e0 fournir des r\u00e9sultats exceptionnels \u00e0 nos clients.","robots":{"index":"index","follow":"follow","max-snippet":"max-snippet:-1","max-image-preview":"max-image-preview:large","max-video-preview":"max-video-preview:-1"},"canonical":"https:\/\/moonshotpro.gr\/fr\/about-moonshot\/","og_locale":"fr_FR","og_type":"article","og_title":"\u00c0 propos de Moonshot - MoonShot","og_description":"Nous sommes une \u00e9quipe de professionnels passionn\u00e9s et exp\u00e9riment\u00e9s qui se consacrent \u00e0 fournir des r\u00e9sultats exceptionnels \u00e0 nos clients.","og_url":"https:\/\/moonshotpro.gr\/fr\/about-moonshot\/","og_site_name":"MoonShot","article_modified_time":"2025-04-02T07:54:15+00:00","og_image":[{"width":2560,"height":1440,"url":"https:\/\/moonshotpro.gr\/wp-content\/uploads\/2023\/03\/DJI_0918-Edit-Edit-scaled.jpg","type":"image\/jpeg"}],"twitter_card":"summary_large_image","twitter_misc":{"Dur\u00e9e de lecture estim\u00e9e":"1 minute"},"schema":{"@context":"https:\/\/schema.org","@graph":[{"@type":"WebPage","@id":"https:\/\/moonshotpro.gr\/fr\/about-moonshot\/","url":"https:\/\/moonshotpro.gr\/fr\/about-moonshot\/","name":"\u00c0 propos de Moonshot - MoonShot","isPartOf":{"@id":"https:\/\/moonshotpro.gr\/#website"},"datePublished":"2023-02-10T07:45:11+00:00","dateModified":"2025-04-02T07:54:15+00:00","description":"Nous sommes une \u00e9quipe de professionnels passionn\u00e9s et exp\u00e9riment\u00e9s qui se consacrent \u00e0 fournir des r\u00e9sultats exceptionnels \u00e0 nos clients.","breadcrumb":{"@id":"https:\/\/moonshotpro.gr\/fr\/about-moonshot\/#breadcrumb"},"inLanguage":"fr-FR","potentialAction":[{"@type":"ReadAction","target":["https:\/\/moonshotpro.gr\/fr\/about-moonshot\/"]}]},{"@type":"BreadcrumbList","@id":"https:\/\/moonshotpro.gr\/fr\/about-moonshot\/#breadcrumb","itemListElement":[{"@type":"ListItem","position":1,"name":"Home","item":"https:\/\/moonshotpro.gr\/fr\/"},{"@type":"ListItem","position":2,"name":"\u00c0 propos de Moonshot"}]},{"@type":"WebSite","@id":"https:\/\/moonshotpro.gr\/#website","url":"https:\/\/moonshotpro.gr\/","name":"Moonshot Productions","description":"Productions","publisher":{"@id":"https:\/\/moonshotpro.gr\/#organization"},"potentialAction":[{"@type":"SearchAction","target":{"@type":"EntryPoint","urlTemplate":"https:\/\/moonshotpro.gr\/?s={search_term_string}"},"query-input":"required name=search_term_string"}],"inLanguage":"fr-FR"},{"@type":"Organization","@id":"https:\/\/moonshotpro.gr\/#organization","name":"Moonshot Productions","url":"https:\/\/moonshotpro.gr\/","logo":{"@type":"ImageObject","inLanguage":"fr-FR","@id":"https:\/\/moonshotpro.gr\/#\/schema\/logo\/image\/","url":"https:\/\/moonshotpro.gr\/wp-content\/uploads\/2023\/03\/logo-dark.png","contentUrl":"https:\/\/moonshotpro.gr\/wp-content\/uploads\/2023\/03\/logo-dark.png","width":696,"height":696,"caption":"Moonshot Productions"},"image":{"@id":"https:\/\/moonshotpro.gr\/#\/schema\/logo\/image\/"}}]}},"_links":{"self":[{"href":"https:\/\/moonshotpro.gr\/fr\/wp-json\/wp\/v2\/pages\/4101","targetHints":{"allow":["GET"]}}],"collection":[{"href":"https:\/\/moonshotpro.gr\/fr\/wp-json\/wp\/v2\/pages"}],"about":[{"href":"https:\/\/moonshotpro.gr\/fr\/wp-json\/wp\/v2\/types\/page"}],"author":[{"embeddable":true,"href":"https:\/\/moonshotpro.gr\/fr\/wp-json\/wp\/v2\/users\/1"}],"replies":[{"embeddable":true,"href":"https:\/\/moonshotpro.gr\/fr\/wp-json\/wp\/v2\/comments?post=4101"}],"version-history":[{"count":9,"href":"https:\/\/moonshotpro.gr\/fr\/wp-json\/wp\/v2\/pages\/4101\/revisions"}],"predecessor-version":[{"id":4509,"href":"https:\/\/moonshotpro.gr\/fr\/wp-json\/wp\/v2\/pages\/4101\/revisions\/4509"}],"wp:featuredmedia":[{"embeddable":true,"href":"https:\/\/moonshotpro.gr\/fr\/wp-json\/wp\/v2\/media\/3161"}],"wp:attachment":[{"href":"https:\/\/moonshotpro.gr\/fr\/wp-json\/wp\/v2\/media?parent=4101"}],"curies":[{"name":"wp","href":"https:\/\/api.w.org\/{rel}","templated":true}]}}