{"id":4099,"date":"2023-02-10T11:14:08","date_gmt":"2023-02-10T09:14:08","guid":{"rendered":"https:\/\/moonshotpro.gr\/request-a-quote\/"},"modified":"2025-02-06T11:27:29","modified_gmt":"2025-02-06T09:27:29","slug":"request-a-quote","status":"publish","type":"page","link":"https:\/\/moonshotpro.gr\/fr\/request-a-quote\/","title":{"rendered":"Demande de devis"},"content":{"rendered":"\n<p>Si vous \u00eates int\u00e9ress\u00e9 par nos services et souhaitez demander un devis, veuillez remplir le formulaire suivant. Nous vous contacterons dans les plus brefs d\u00e9lais pour vous fournir de plus amples informations et un devis personnalis\u00e9 r\u00e9pondant \u00e0 vos besoins sp\u00e9cifiques.<\/p>\n","protected":false},"excerpt":{"rendered":"<p>Si vous \u00eates int\u00e9ress\u00e9 par nos services et souhaitez demander un devis, veuillez remplir le formulaire suivant. Nous vous contacterons dans les plus brefs d\u00e9lais pour vous fournir de plus amples informations et un devis personnalis\u00e9 r\u00e9pondant \u00e0 vos besoins sp\u00e9cifiques.<\/p>\n","protected":false},"author":1,"featured_media":0,"parent":0,"menu_order":0,"comment_status":"closed","ping_status":"closed","template":"","meta":{"inline_featured_image":false,"footnotes":""},"class_list":["post-4099","page","type-page","status-publish","hentry"],"yoast_head":"<!-- This site is optimized with the Yoast SEO plugin v20.8 - https:\/\/yoast.com\/wordpress\/plugins\/seo\/ -->\n<title>Demande de devis - MoonShot<\/title>\n<meta name=\"description\" content=\"Moonshot Productions se sp\u00e9cialise dans la production de contenu visuel par le biais de photographies, de vid\u00e9ographies et de visites virtuelles en 3D de haute qualit\u00e9.\" \/>\n<meta name=\"robots\" content=\"index, follow, max-snippet:-1, max-image-preview:large, max-video-preview:-1\" \/>\n<link rel=\"canonical\" href=\"https:\/\/moonshotpro.gr\/fr\/request-a-quote\/\" \/>\n<meta property=\"og:locale\" content=\"fr_FR\" \/>\n<meta property=\"og:type\" content=\"article\" \/>\n<meta property=\"og:title\" content=\"Demande de devis - MoonShot\" \/>\n<meta property=\"og:description\" content=\"Moonshot Productions se sp\u00e9cialise dans la production de contenu visuel par le biais de photographies, de vid\u00e9ographies et de visites virtuelles en 3D de haute qualit\u00e9.\" \/>\n<meta property=\"og:url\" content=\"https:\/\/moonshotpro.gr\/fr\/request-a-quote\/\" \/>\n<meta property=\"og:site_name\" content=\"MoonShot\" \/>\n<meta property=\"article:modified_time\" content=\"2025-02-06T09:27:29+00:00\" \/>\n<meta property=\"og:image\" content=\"https:\/\/moonshotpro.gr\/wp-content\/uploads\/2023\/03\/Moonshot-OG-image-v2.jpg\" \/>\n\t<meta property=\"og:image:width\" content=\"1200\" \/>\n\t<meta property=\"og:image:height\" content=\"630\" \/>\n\t<meta property=\"og:image:type\" content=\"image\/jpeg\" \/>\n<meta name=\"twitter:card\" content=\"summary_large_image\" \/>\n<meta name=\"twitter:label1\" content=\"Dur\u00e9e de lecture estim\u00e9e\" \/>\n\t<meta name=\"twitter:data1\" content=\"1 minute\" \/>\n<script type=\"application\/ld+json\" class=\"yoast-schema-graph\">{\"@context\":\"https:\/\/schema.org\",\"@graph\":[{\"@type\":\"WebPage\",\"@id\":\"https:\/\/moonshotpro.gr\/fr\/request-a-quote\/\",\"url\":\"https:\/\/moonshotpro.gr\/fr\/request-a-quote\/\",\"name\":\"Demande de devis - MoonShot\",\"isPartOf\":{\"@id\":\"https:\/\/moonshotpro.gr\/#website\"},\"datePublished\":\"2023-02-10T09:14:08+00:00\",\"dateModified\":\"2025-02-06T09:27:29+00:00\",\"description\":\"Moonshot Productions se sp\u00e9cialise dans la production de contenu visuel par le biais de photographies, de vid\u00e9ographies et de visites virtuelles en 3D de haute qualit\u00e9.\",\"breadcrumb\":{\"@id\":\"https:\/\/moonshotpro.gr\/fr\/request-a-quote\/#breadcrumb\"},\"inLanguage\":\"fr-FR\",\"potentialAction\":[{\"@type\":\"ReadAction\",\"target\":[\"https:\/\/moonshotpro.gr\/fr\/request-a-quote\/\"]}]},{\"@type\":\"BreadcrumbList\",\"@id\":\"https:\/\/moonshotpro.gr\/fr\/request-a-quote\/#breadcrumb\",\"itemListElement\":[{\"@type\":\"ListItem\",\"position\":1,\"name\":\"Home\",\"item\":\"https:\/\/moonshotpro.gr\/fr\/\"},{\"@type\":\"ListItem\",\"position\":2,\"name\":\"Demande de devis\"}]},{\"@type\":\"WebSite\",\"@id\":\"https:\/\/moonshotpro.gr\/#website\",\"url\":\"https:\/\/moonshotpro.gr\/\",\"name\":\"Moonshot Productions\",\"description\":\"Productions\",\"publisher\":{\"@id\":\"https:\/\/moonshotpro.gr\/#organization\"},\"potentialAction\":[{\"@type\":\"SearchAction\",\"target\":{\"@type\":\"EntryPoint\",\"urlTemplate\":\"https:\/\/moonshotpro.gr\/?s={search_term_string}\"},\"query-input\":\"required name=search_term_string\"}],\"inLanguage\":\"fr-FR\"},{\"@type\":\"Organization\",\"@id\":\"https:\/\/moonshotpro.gr\/#organization\",\"name\":\"Moonshot Productions\",\"url\":\"https:\/\/moonshotpro.gr\/\",\"logo\":{\"@type\":\"ImageObject\",\"inLanguage\":\"fr-FR\",\"@id\":\"https:\/\/moonshotpro.gr\/#\/schema\/logo\/image\/\",\"url\":\"https:\/\/moonshotpro.gr\/wp-content\/uploads\/2023\/03\/logo-dark.png\",\"contentUrl\":\"https:\/\/moonshotpro.gr\/wp-content\/uploads\/2023\/03\/logo-dark.png\",\"width\":696,\"height\":696,\"caption\":\"Moonshot Productions\"},\"image\":{\"@id\":\"https:\/\/moonshotpro.gr\/#\/schema\/logo\/image\/\"}}]}<\/script>\n<!-- \/ Yoast SEO plugin. -->","yoast_head_json":{"title":"Demande de devis - MoonShot","description":"Moonshot Productions se sp\u00e9cialise dans la production de contenu visuel par le biais de photographies, de vid\u00e9ographies et de visites virtuelles en 3D de haute qualit\u00e9.","robots":{"index":"index","follow":"follow","max-snippet":"max-snippet:-1","max-image-preview":"max-image-preview:large","max-video-preview":"max-video-preview:-1"},"canonical":"https:\/\/moonshotpro.gr\/fr\/request-a-quote\/","og_locale":"fr_FR","og_type":"article","og_title":"Demande de devis - MoonShot","og_description":"Moonshot Productions se sp\u00e9cialise dans la production de contenu visuel par le biais de photographies, de vid\u00e9ographies et de visites virtuelles en 3D de haute qualit\u00e9.","og_url":"https:\/\/moonshotpro.gr\/fr\/request-a-quote\/","og_site_name":"MoonShot","article_modified_time":"2025-02-06T09:27:29+00:00","og_image":[{"width":1200,"height":630,"url":"https:\/\/moonshotpro.gr\/wp-content\/uploads\/2023\/03\/Moonshot-OG-image-v2.jpg","type":"image\/jpeg"}],"twitter_card":"summary_large_image","twitter_misc":{"Dur\u00e9e de lecture estim\u00e9e":"1 minute"},"schema":{"@context":"https:\/\/schema.org","@graph":[{"@type":"WebPage","@id":"https:\/\/moonshotpro.gr\/fr\/request-a-quote\/","url":"https:\/\/moonshotpro.gr\/fr\/request-a-quote\/","name":"Demande de devis - MoonShot","isPartOf":{"@id":"https:\/\/moonshotpro.gr\/#website"},"datePublished":"2023-02-10T09:14:08+00:00","dateModified":"2025-02-06T09:27:29+00:00","description":"Moonshot Productions se sp\u00e9cialise dans la production de contenu visuel par le biais de photographies, de vid\u00e9ographies et de visites virtuelles en 3D de haute qualit\u00e9.","breadcrumb":{"@id":"https:\/\/moonshotpro.gr\/fr\/request-a-quote\/#breadcrumb"},"inLanguage":"fr-FR","potentialAction":[{"@type":"ReadAction","target":["https:\/\/moonshotpro.gr\/fr\/request-a-quote\/"]}]},{"@type":"BreadcrumbList","@id":"https:\/\/moonshotpro.gr\/fr\/request-a-quote\/#breadcrumb","itemListElement":[{"@type":"ListItem","position":1,"name":"Home","item":"https:\/\/moonshotpro.gr\/fr\/"},{"@type":"ListItem","position":2,"name":"Demande de devis"}]},{"@type":"WebSite","@id":"https:\/\/moonshotpro.gr\/#website","url":"https:\/\/moonshotpro.gr\/","name":"Moonshot Productions","description":"Productions","publisher":{"@id":"https:\/\/moonshotpro.gr\/#organization"},"potentialAction":[{"@type":"SearchAction","target":{"@type":"EntryPoint","urlTemplate":"https:\/\/moonshotpro.gr\/?s={search_term_string}"},"query-input":"required name=search_term_string"}],"inLanguage":"fr-FR"},{"@type":"Organization","@id":"https:\/\/moonshotpro.gr\/#organization","name":"Moonshot Productions","url":"https:\/\/moonshotpro.gr\/","logo":{"@type":"ImageObject","inLanguage":"fr-FR","@id":"https:\/\/moonshotpro.gr\/#\/schema\/logo\/image\/","url":"https:\/\/moonshotpro.gr\/wp-content\/uploads\/2023\/03\/logo-dark.png","contentUrl":"https:\/\/moonshotpro.gr\/wp-content\/uploads\/2023\/03\/logo-dark.png","width":696,"height":696,"caption":"Moonshot Productions"},"image":{"@id":"https:\/\/moonshotpro.gr\/#\/schema\/logo\/image\/"}}]}},"_links":{"self":[{"href":"https:\/\/moonshotpro.gr\/fr\/wp-json\/wp\/v2\/pages\/4099","targetHints":{"allow":["GET"]}}],"collection":[{"href":"https:\/\/moonshotpro.gr\/fr\/wp-json\/wp\/v2\/pages"}],"about":[{"href":"https:\/\/moonshotpro.gr\/fr\/wp-json\/wp\/v2\/types\/page"}],"author":[{"embeddable":true,"href":"https:\/\/moonshotpro.gr\/fr\/wp-json\/wp\/v2\/users\/1"}],"replies":[{"embeddable":true,"href":"https:\/\/moonshotpro.gr\/fr\/wp-json\/wp\/v2\/comments?post=4099"}],"version-history":[{"count":3,"href":"https:\/\/moonshotpro.gr\/fr\/wp-json\/wp\/v2\/pages\/4099\/revisions"}],"predecessor-version":[{"id":4326,"href":"https:\/\/moonshotpro.gr\/fr\/wp-json\/wp\/v2\/pages\/4099\/revisions\/4326"}],"wp:attachment":[{"href":"https:\/\/moonshotpro.gr\/fr\/wp-json\/wp\/v2\/media?parent=4099"}],"curies":[{"name":"wp","href":"https:\/\/api.w.org\/{rel}","templated":true}]}}