{"id":4095,"date":"2023-02-10T16:21:17","date_gmt":"2023-02-10T14:21:17","guid":{"rendered":"https:\/\/moonshotpro.gr\/our-services\/"},"modified":"2025-03-31T15:38:09","modified_gmt":"2025-03-31T12:38:09","slug":"our-services","status":"publish","type":"page","link":"https:\/\/moonshotpro.gr\/fr\/our-services\/","title":{"rendered":"Nos Services"},"content":{"rendered":"\n<p>Chez Moonshot Productions, nous sommes d\u00e9di\u00e9s \u00e0 la mise en valeur des propri\u00e9t\u00e9s sous leur meilleur jour, que ce soit \u00e0 travers une photographie saisissante, une vid\u00e9ographie captivante, des visites virtuelles 3D immersives ou des prises de vue a\u00e9riennes spectaculaires. Des villas de luxe et h\u00f4tels de charme aux r\u00e9sidences priv\u00e9es et espaces commerciaux, nous cr\u00e9ons un contenu visuel de haute qualit\u00e9 qui renforce l\u2019attrait et ajoute de la valeur.<\/p>\n\n\n\n<p>Notre r\u00e9putation repose sur notre cr\u00e9ativit\u00e9, notre souci du d\u00e9tail et notre engagement \u00e0 fournir un travail exceptionnel qui d\u00e9passe les attentes. Avec un fort accent sur la satisfaction client, nous garantissons une collaboration fluide et agr\u00e9able du d\u00e9but \u00e0 la fin.<\/p>\n\n\n\n<p>Moonshot Productions propose une gamme de services adapt\u00e9s aux besoins sp\u00e9cifiques des propri\u00e9taires, des professionnels de l&rsquo;immobilier et de l&rsquo;industrie h\u00f4teli\u00e8re.<\/p>\n\n\n\n<p><\/p>\n","protected":false},"excerpt":{"rendered":"<p>Chez Moonshot Productions, nous sommes d\u00e9di\u00e9s \u00e0 la mise en valeur des propri\u00e9t\u00e9s sous leur meilleur jour, que ce soit \u00e0 travers une photographie saisissante, une vid\u00e9ographie captivante, des visites virtuelles 3D immersives ou des prises de vue a\u00e9riennes spectaculaires. Des villas de luxe et h\u00f4tels de charme aux r\u00e9sidences priv\u00e9es et espaces commerciaux, nous [&hellip;]<\/p>\n","protected":false},"author":1,"featured_media":0,"parent":0,"menu_order":0,"comment_status":"closed","ping_status":"closed","template":"services-page.php","meta":{"inline_featured_image":false,"footnotes":""},"class_list":["post-4095","page","type-page","status-publish","hentry"],"yoast_head":"<!-- This site is optimized with the Yoast SEO plugin v20.8 - https:\/\/yoast.com\/wordpress\/plugins\/seo\/ -->\n<title>Nos Services - MoonShot<\/title>\n<meta name=\"description\" content=\"Chez Moonshot productions, nous servons nos clients de la meilleure fa\u00e7on possible, par le biais de photographies, de vid\u00e9os, de visites virtuelles en 3D ou de s\u00e9quences a\u00e9riennes.\" \/>\n<meta name=\"robots\" content=\"index, follow, max-snippet:-1, max-image-preview:large, max-video-preview:-1\" \/>\n<link rel=\"canonical\" href=\"https:\/\/moonshotpro.gr\/fr\/our-services\/\" \/>\n<meta property=\"og:locale\" content=\"fr_FR\" \/>\n<meta property=\"og:type\" content=\"article\" \/>\n<meta property=\"og:title\" content=\"Nos [Services] - MoonShot\" \/>\n<meta property=\"og:description\" content=\"Chez Moonshot productions, nous servons nos clients de la meilleure fa\u00e7on possible, par le biais de photographies, de vid\u00e9os, de visites virtuelles en 3D ou de s\u00e9quences a\u00e9riennes.\" \/>\n<meta property=\"og:url\" content=\"https:\/\/moonshotpro.gr\/fr\/our-services\/\" \/>\n<meta property=\"og:site_name\" content=\"MoonShot\" \/>\n<meta property=\"article:modified_time\" content=\"2025-03-31T12:38:09+00:00\" \/>\n<meta property=\"og:image\" content=\"https:\/\/moonshotpro.gr\/wp-content\/uploads\/2023\/03\/Moonshot-OG-image-v2.jpg\" \/>\n\t<meta property=\"og:image:width\" content=\"1200\" \/>\n\t<meta property=\"og:image:height\" content=\"630\" \/>\n\t<meta property=\"og:image:type\" content=\"image\/jpeg\" \/>\n<meta name=\"twitter:card\" content=\"summary_large_image\" \/>\n<meta name=\"twitter:label1\" content=\"Dur\u00e9e de lecture estim\u00e9e\" \/>\n\t<meta name=\"twitter:data1\" content=\"1 minute\" \/>\n<script type=\"application\/ld+json\" class=\"yoast-schema-graph\">{\"@context\":\"https:\/\/schema.org\",\"@graph\":[{\"@type\":\"WebPage\",\"@id\":\"https:\/\/moonshotpro.gr\/fr\/our-services\/\",\"url\":\"https:\/\/moonshotpro.gr\/fr\/our-services\/\",\"name\":\"Nos [Services] - MoonShot\",\"isPartOf\":{\"@id\":\"https:\/\/moonshotpro.gr\/#website\"},\"datePublished\":\"2023-02-10T14:21:17+00:00\",\"dateModified\":\"2025-03-31T12:38:09+00:00\",\"description\":\"Chez Moonshot productions, nous servons nos clients de la meilleure fa\u00e7on possible, par le biais de photographies, de vid\u00e9os, de visites virtuelles en 3D ou de s\u00e9quences a\u00e9riennes.\",\"breadcrumb\":{\"@id\":\"https:\/\/moonshotpro.gr\/fr\/our-services\/#breadcrumb\"},\"inLanguage\":\"fr-FR\",\"potentialAction\":[{\"@type\":\"ReadAction\",\"target\":[\"https:\/\/moonshotpro.gr\/fr\/our-services\/\"]}]},{\"@type\":\"BreadcrumbList\",\"@id\":\"https:\/\/moonshotpro.gr\/fr\/our-services\/#breadcrumb\",\"itemListElement\":[{\"@type\":\"ListItem\",\"position\":1,\"name\":\"Home\",\"item\":\"https:\/\/moonshotpro.gr\/fr\/\"},{\"@type\":\"ListItem\",\"position\":2,\"name\":\"Nos Services\"}]},{\"@type\":\"WebSite\",\"@id\":\"https:\/\/moonshotpro.gr\/#website\",\"url\":\"https:\/\/moonshotpro.gr\/\",\"name\":\"Moonshot Productions\",\"description\":\"Productions\",\"publisher\":{\"@id\":\"https:\/\/moonshotpro.gr\/#organization\"},\"potentialAction\":[{\"@type\":\"SearchAction\",\"target\":{\"@type\":\"EntryPoint\",\"urlTemplate\":\"https:\/\/moonshotpro.gr\/?s={search_term_string}\"},\"query-input\":\"required name=search_term_string\"}],\"inLanguage\":\"fr-FR\"},{\"@type\":\"Organization\",\"@id\":\"https:\/\/moonshotpro.gr\/#organization\",\"name\":\"Moonshot Productions\",\"url\":\"https:\/\/moonshotpro.gr\/\",\"logo\":{\"@type\":\"ImageObject\",\"inLanguage\":\"fr-FR\",\"@id\":\"https:\/\/moonshotpro.gr\/#\/schema\/logo\/image\/\",\"url\":\"https:\/\/moonshotpro.gr\/wp-content\/uploads\/2023\/03\/logo-dark.png\",\"contentUrl\":\"https:\/\/moonshotpro.gr\/wp-content\/uploads\/2023\/03\/logo-dark.png\",\"width\":696,\"height\":696,\"caption\":\"Moonshot Productions\"},\"image\":{\"@id\":\"https:\/\/moonshotpro.gr\/#\/schema\/logo\/image\/\"}}]}<\/script>\n<!-- \/ Yoast SEO plugin. -->","yoast_head_json":{"title":"Nos Services - MoonShot","description":"Chez Moonshot productions, nous servons nos clients de la meilleure fa\u00e7on possible, par le biais de photographies, de vid\u00e9os, de visites virtuelles en 3D ou de s\u00e9quences a\u00e9riennes.","robots":{"index":"index","follow":"follow","max-snippet":"max-snippet:-1","max-image-preview":"max-image-preview:large","max-video-preview":"max-video-preview:-1"},"canonical":"https:\/\/moonshotpro.gr\/fr\/our-services\/","og_locale":"fr_FR","og_type":"article","og_title":"Nos [Services] - MoonShot","og_description":"Chez Moonshot productions, nous servons nos clients de la meilleure fa\u00e7on possible, par le biais de photographies, de vid\u00e9os, de visites virtuelles en 3D ou de s\u00e9quences a\u00e9riennes.","og_url":"https:\/\/moonshotpro.gr\/fr\/our-services\/","og_site_name":"MoonShot","article_modified_time":"2025-03-31T12:38:09+00:00","og_image":[{"width":1200,"height":630,"url":"https:\/\/moonshotpro.gr\/wp-content\/uploads\/2023\/03\/Moonshot-OG-image-v2.jpg","type":"image\/jpeg"}],"twitter_card":"summary_large_image","twitter_misc":{"Dur\u00e9e de lecture estim\u00e9e":"1 minute"},"schema":{"@context":"https:\/\/schema.org","@graph":[{"@type":"WebPage","@id":"https:\/\/moonshotpro.gr\/fr\/our-services\/","url":"https:\/\/moonshotpro.gr\/fr\/our-services\/","name":"Nos [Services] - MoonShot","isPartOf":{"@id":"https:\/\/moonshotpro.gr\/#website"},"datePublished":"2023-02-10T14:21:17+00:00","dateModified":"2025-03-31T12:38:09+00:00","description":"Chez Moonshot productions, nous servons nos clients de la meilleure fa\u00e7on possible, par le biais de photographies, de vid\u00e9os, de visites virtuelles en 3D ou de s\u00e9quences a\u00e9riennes.","breadcrumb":{"@id":"https:\/\/moonshotpro.gr\/fr\/our-services\/#breadcrumb"},"inLanguage":"fr-FR","potentialAction":[{"@type":"ReadAction","target":["https:\/\/moonshotpro.gr\/fr\/our-services\/"]}]},{"@type":"BreadcrumbList","@id":"https:\/\/moonshotpro.gr\/fr\/our-services\/#breadcrumb","itemListElement":[{"@type":"ListItem","position":1,"name":"Home","item":"https:\/\/moonshotpro.gr\/fr\/"},{"@type":"ListItem","position":2,"name":"Nos Services"}]},{"@type":"WebSite","@id":"https:\/\/moonshotpro.gr\/#website","url":"https:\/\/moonshotpro.gr\/","name":"Moonshot Productions","description":"Productions","publisher":{"@id":"https:\/\/moonshotpro.gr\/#organization"},"potentialAction":[{"@type":"SearchAction","target":{"@type":"EntryPoint","urlTemplate":"https:\/\/moonshotpro.gr\/?s={search_term_string}"},"query-input":"required name=search_term_string"}],"inLanguage":"fr-FR"},{"@type":"Organization","@id":"https:\/\/moonshotpro.gr\/#organization","name":"Moonshot Productions","url":"https:\/\/moonshotpro.gr\/","logo":{"@type":"ImageObject","inLanguage":"fr-FR","@id":"https:\/\/moonshotpro.gr\/#\/schema\/logo\/image\/","url":"https:\/\/moonshotpro.gr\/wp-content\/uploads\/2023\/03\/logo-dark.png","contentUrl":"https:\/\/moonshotpro.gr\/wp-content\/uploads\/2023\/03\/logo-dark.png","width":696,"height":696,"caption":"Moonshot Productions"},"image":{"@id":"https:\/\/moonshotpro.gr\/#\/schema\/logo\/image\/"}}]}},"_links":{"self":[{"href":"https:\/\/moonshotpro.gr\/fr\/wp-json\/wp\/v2\/pages\/4095","targetHints":{"allow":["GET"]}}],"collection":[{"href":"https:\/\/moonshotpro.gr\/fr\/wp-json\/wp\/v2\/pages"}],"about":[{"href":"https:\/\/moonshotpro.gr\/fr\/wp-json\/wp\/v2\/types\/page"}],"author":[{"embeddable":true,"href":"https:\/\/moonshotpro.gr\/fr\/wp-json\/wp\/v2\/users\/1"}],"replies":[{"embeddable":true,"href":"https:\/\/moonshotpro.gr\/fr\/wp-json\/wp\/v2\/comments?post=4095"}],"version-history":[{"count":3,"href":"https:\/\/moonshotpro.gr\/fr\/wp-json\/wp\/v2\/pages\/4095\/revisions"}],"predecessor-version":[{"id":4467,"href":"https:\/\/moonshotpro.gr\/fr\/wp-json\/wp\/v2\/pages\/4095\/revisions\/4467"}],"wp:attachment":[{"href":"https:\/\/moonshotpro.gr\/fr\/wp-json\/wp\/v2\/media?parent=4095"}],"curies":[{"name":"wp","href":"https:\/\/api.w.org\/{rel}","templated":true}]}}