{"id":4091,"date":"2023-03-01T16:58:29","date_gmt":"2023-03-01T14:58:29","guid":{"rendered":"https:\/\/moonshotpro.gr\/privacy-policy\/"},"modified":"2025-05-06T11:26:44","modified_gmt":"2025-05-06T08:26:44","slug":"privacy-policy","status":"publish","type":"page","link":"https:\/\/moonshotpro.gr\/fr\/privacy-policy\/","title":{"rendered":"Politique de confidentialit\u00e9"},"content":{"rendered":"\n<p><strong>Politique de Confidentialit\u00e9<\/strong><\/p>\n\n\n\n<p>Nous respectons votre vie priv\u00e9e et nous engageons \u00e0 la prot\u00e9ger conform\u00e9ment \u00e0 cette politique de confidentialit\u00e9 (\u00ab Politique \u00bb). Cette Politique d\u00e9crit les types d\u2019informations que nous pouvons collecter vous concernant ou que vous pouvez nous fournir (\u00ab Moonshot Productions \u00bb) sur le site web moonshotpro.gr (\u00ab Site Web \u00bb ou \u00ab Service \u00bb) ainsi que sur tous les produits et services associ\u00e9s (\u00ab Services \u00bb). Elle explique nos pratiques en mati\u00e8re de collecte, d\u2019utilisation, de maintenance, de protection et de divulgation de ces Informations Personnelles. Elle pr\u00e9sente \u00e9galement les choix dont vous disposez concernant l&rsquo;utilisation de vos Informations Personnelles et la mani\u00e8re dont vous pouvez y acc\u00e9der et les mettre \u00e0 jour.<\/p>\n\n\n\n<p>Cette Politique constitue un accord juridiquement contraignant entre vous (\u00ab Utilisateur \u00bb, \u00ab vous \u00bb ou \u00ab votre \u00bb) et Moonshot Productions (\u00ab Moonshot Productions \u00bb, \u00ab nous \u00bb, \u00ab notre \u00bb ou \u00ab nos \u00bb). Si vous acceptez cet accord au nom d&rsquo;une entreprise ou d&rsquo;une autre entit\u00e9 juridique, vous d\u00e9clarez avoir le pouvoir de lier cette entit\u00e9 \u00e0 cet accord, auquel cas les termes \u00ab Utilisateur \u00bb, \u00ab vous \u00bb ou \u00ab votre \u00bb se r\u00e9f\u00e9reront \u00e0 cette entit\u00e9. Si vous ne disposez pas de cette autorit\u00e9, ou si vous n\u2019acceptez pas les termes de cet accord, vous ne devez pas l\u2019accepter et ne pouvez pas acc\u00e9der au Site Web et aux Services ni les utiliser. En acc\u00e9dant au Site Web et aux Services, vous reconnaissez avoir lu, compris et accept\u00e9 d\u2019\u00eatre li\u00e9 par les termes de cette Politique. Cette Politique ne s&rsquo;applique pas aux pratiques des entreprises que nous ne poss\u00e9dons ni ne contr\u00f4lons, ni aux individus que nous n&#8217;employons ni ne g\u00e9rons.<\/p>\n\n\n\n<p><strong>Consentement<\/strong><\/p>\n\n\n\n<p>En utilisant notre site web ou nos services, vous consentez \u00e0 la collecte, \u00e0 l&rsquo;utilisation et \u00e0 la divulgation de vos Informations Personnelles conform\u00e9ment \u00e0 cette Politique de Confidentialit\u00e9. Si vous n&rsquo;\u00eates pas d&rsquo;accord avec l&rsquo;un des termes ou politiques d\u00e9crits dans cette Politique de Confidentialit\u00e9, veuillez ne pas utiliser notre site web ou nos services. Nous nous r\u00e9servons le droit de mettre \u00e0 jour cette Politique de Confidentialit\u00e9 \u00e0 tout moment. La poursuite de votre utilisation du site web ou des services apr\u00e8s toute modification de la Politique sera consid\u00e9r\u00e9e comme votre acceptation de ces modifications.<\/p>\n\n\n\n<p><strong>Collecte des informations<\/strong><\/p>\n\n\n\n<p>Notre priorit\u00e9 absolue est la s\u00e9curit\u00e9 des donn\u00e9es de nos clients et, \u00e0 ce titre, nous appliquons une politique stricte de non-conservation des journaux (\u00ab no logs policy \u00bb). Nous pouvons traiter uniquement des donn\u00e9es utilisateur minimales, strictement n\u00e9cessaires \u00e0 la maintenance du Site Web et des Services. Les informations collect\u00e9es automatiquement sont utilis\u00e9es uniquement pour identifier d\u00e9ventuels abus et \u00e9tablir des statistiques d&rsquo;utilisation et de trafic du Site Web et des Services. Ces informations statistiques ne sont pas agr\u00e9g\u00e9es de mani\u00e8re \u00e0 identifier un utilisateur particulier du syst\u00e8me.<\/p>\n\n\n\n<p><strong>Utilisation et traitement des informations collect\u00e9es<\/strong><\/p>\n\n\n\n<p>Nous agissons en qualit\u00e9 de responsable du traitement et de sous-traitant des donn\u00e9es lorsque nous g\u00e9rons les Informations Personnelles, sauf si un accord de traitement des donn\u00e9es a \u00e9t\u00e9 conclu avec vous, auquel cas vous seriez le responsable du traitement et nous serions le sous-traitant.<\/p>\n\n\n\n<p>Notre r\u00f4le peut \u00e9galement varier selon les cas d&rsquo;utilisation des Informations Personnelles. Nous sommes responsables du traitement lorsque nous vous demandons de fournir vos Informations Personnelles pour garantir votre acc\u00e8s et votre utilisation du Site Web et des Services. Nous sommes sous-traitants lorsque vous soumettez des Informations Personnelles via le Site Web et les Services.<\/p>\n\n\n\n<p>Les informations collect\u00e9es peuvent \u00eatre utilis\u00e9es pour :<\/p>\n\n\n\n<ul class=\"wp-block-list\">\n<li>Envoyer des mises \u00e0 jour de produits et services<\/li>\n\n\n\n<li>R\u00e9pondre aux demandes et offrir une assistance<\/li>\n\n\n\n<li>Am\u00e9liorer l&rsquo;exp\u00e9rience utilisateur<\/li>\n\n\n\n<li>Faire respecter nos conditions et politiques<\/li>\n\n\n\n<li>Prot\u00e9ger contre les abus et les utilisateurs malveillants<\/li>\n\n\n\n<li>R\u00e9pondre aux demandes l\u00e9gales<\/li>\n\n\n\n<li>Exploiter et g\u00e9rer le Site Web et les Services<\/li>\n<\/ul>\n\n\n\n<p><strong>Divulgation des informations<\/strong><\/p>\n\n\n\n<p>Nous pouvons partager vos informations avec nos affili\u00e9s, entreprises contract\u00e9es et fournisseurs de services (\u00ab Prestataires de Services \u00bb) qui nous aident \u00e0 exploiter le Site Web et les Services. Nous ne partageons pas d&rsquo;informations personnelles identifiables avec des tiers non affili\u00e9s.<\/p>\n\n\n\n<p><strong>S\u00e9curit\u00e9 des informations<\/strong><\/p>\n\n\n\n<p>Nous prot\u00e9geons les informations fournies sur des serveurs s\u00e9curis\u00e9s et appliquons des mesures administratives, techniques et physiques raisonnables contre l&rsquo;acc\u00e8s, l&rsquo;utilisation ou la divulgation non autoris\u00e9s.<\/p>\n\n\n\n<p><strong>Droits \u00e0 la protection des donn\u00e9es (GDPR)<\/strong><\/p>\n\n\n\n<p>Vous avez le droit d&rsquo;acc\u00e9der \u00e0 vos donn\u00e9es, de les rectifier, de demander leur suppression, de restreindre leur traitement, de vous opposer au traitement et \u00e0 la portabilit\u00e9 des donn\u00e9es.<\/p>\n\n\n\n<p><strong>Confidentialit\u00e9 des enfants<\/strong><\/p>\n\n\n\n<p>Nous ne collectons pas intentionnellement d&rsquo;informations personnelles sur les enfants de moins de 13 ans.<\/p>\n\n\n\n<p><strong>Modifications et mises \u00e0 jour<\/strong><\/p>\n\n\n\n<p>Nous nous r\u00e9servons le droit de modifier cette Politique \u00e0 tout moment. Toute modification prendra effet d\u00e8s sa publication sur le Site Web.<\/p>\n\n\n\n<p><strong>Nous contacter<\/strong><\/p>\n\n\n\n<p>Si vous avez des questions ou souhaitez exercer vos droits, veuillez nous contacter via les d\u00e9tails fournis sur notre Site Web.<\/p>\n","protected":false},"excerpt":{"rendered":"<p>Politique de Confidentialit\u00e9 Nous respectons votre vie priv\u00e9e et nous engageons \u00e0 la prot\u00e9ger conform\u00e9ment \u00e0 cette politique de confidentialit\u00e9 (\u00ab Politique \u00bb). Cette Politique d\u00e9crit les types d\u2019informations que nous pouvons collecter vous concernant ou que vous pouvez nous fournir (\u00ab Moonshot Productions \u00bb) sur le site web moonshotpro.gr (\u00ab Site Web \u00bb ou [&hellip;]<\/p>\n","protected":false},"author":1,"featured_media":0,"parent":0,"menu_order":0,"comment_status":"closed","ping_status":"closed","template":"","meta":{"inline_featured_image":false,"footnotes":""},"class_list":["post-4091","page","type-page","status-publish","hentry"],"yoast_head":"<!-- This site is optimized with the Yoast SEO plugin v20.8 - https:\/\/yoast.com\/wordpress\/plugins\/seo\/ -->\n<title>Politique de confidentialit\u00e9 - MoonShot<\/title>\n<meta name=\"description\" content=\"Moonshot Productions se sp\u00e9cialise dans la production de contenu visuel par le biais de photographies, de vid\u00e9ographies et de visites virtuelles en 3D de haute qualit\u00e9.\" \/>\n<meta name=\"robots\" content=\"index, follow, max-snippet:-1, max-image-preview:large, max-video-preview:-1\" \/>\n<link rel=\"canonical\" href=\"https:\/\/moonshotpro.gr\/fr\/privacy-policy\/\" \/>\n<meta property=\"og:locale\" content=\"fr_FR\" \/>\n<meta property=\"og:type\" content=\"article\" \/>\n<meta property=\"og:title\" content=\"Politique de confidentialit\u00e9 - MoonShot\" \/>\n<meta property=\"og:description\" content=\"Moonshot Productions se sp\u00e9cialise dans la production de contenu visuel par le biais de photographies, de vid\u00e9ographies et de visites virtuelles en 3D de haute qualit\u00e9.\" \/>\n<meta property=\"og:url\" content=\"https:\/\/moonshotpro.gr\/fr\/privacy-policy\/\" \/>\n<meta property=\"og:site_name\" content=\"MoonShot\" \/>\n<meta property=\"article:modified_time\" content=\"2025-05-06T08:26:44+00:00\" \/>\n<meta property=\"og:image\" content=\"https:\/\/moonshotpro.gr\/wp-content\/uploads\/2023\/03\/Moonshot-OG-image-v2.jpg\" \/>\n\t<meta property=\"og:image:width\" content=\"1200\" \/>\n\t<meta property=\"og:image:height\" content=\"630\" \/>\n\t<meta property=\"og:image:type\" content=\"image\/jpeg\" \/>\n<meta name=\"twitter:card\" content=\"summary_large_image\" \/>\n<meta name=\"twitter:label1\" content=\"Dur\u00e9e de lecture estim\u00e9e\" \/>\n\t<meta name=\"twitter:data1\" content=\"4 minutes\" \/>\n<script type=\"application\/ld+json\" class=\"yoast-schema-graph\">{\"@context\":\"https:\/\/schema.org\",\"@graph\":[{\"@type\":\"WebPage\",\"@id\":\"https:\/\/moonshotpro.gr\/fr\/privacy-policy\/\",\"url\":\"https:\/\/moonshotpro.gr\/fr\/privacy-policy\/\",\"name\":\"Politique de confidentialit\u00e9 - MoonShot\",\"isPartOf\":{\"@id\":\"https:\/\/moonshotpro.gr\/#website\"},\"datePublished\":\"2023-03-01T14:58:29+00:00\",\"dateModified\":\"2025-05-06T08:26:44+00:00\",\"description\":\"Moonshot Productions se sp\u00e9cialise dans la production de contenu visuel par le biais de photographies, de vid\u00e9ographies et de visites virtuelles en 3D de haute qualit\u00e9.\",\"breadcrumb\":{\"@id\":\"https:\/\/moonshotpro.gr\/fr\/privacy-policy\/#breadcrumb\"},\"inLanguage\":\"fr-FR\",\"potentialAction\":[{\"@type\":\"ReadAction\",\"target\":[\"https:\/\/moonshotpro.gr\/fr\/privacy-policy\/\"]}]},{\"@type\":\"BreadcrumbList\",\"@id\":\"https:\/\/moonshotpro.gr\/fr\/privacy-policy\/#breadcrumb\",\"itemListElement\":[{\"@type\":\"ListItem\",\"position\":1,\"name\":\"Home\",\"item\":\"https:\/\/moonshotpro.gr\/fr\/\"},{\"@type\":\"ListItem\",\"position\":2,\"name\":\"Politique de confidentialit\u00e9\"}]},{\"@type\":\"WebSite\",\"@id\":\"https:\/\/moonshotpro.gr\/#website\",\"url\":\"https:\/\/moonshotpro.gr\/\",\"name\":\"Moonshot Productions\",\"description\":\"Productions\",\"publisher\":{\"@id\":\"https:\/\/moonshotpro.gr\/#organization\"},\"potentialAction\":[{\"@type\":\"SearchAction\",\"target\":{\"@type\":\"EntryPoint\",\"urlTemplate\":\"https:\/\/moonshotpro.gr\/?s={search_term_string}\"},\"query-input\":\"required name=search_term_string\"}],\"inLanguage\":\"fr-FR\"},{\"@type\":\"Organization\",\"@id\":\"https:\/\/moonshotpro.gr\/#organization\",\"name\":\"Moonshot Productions\",\"url\":\"https:\/\/moonshotpro.gr\/\",\"logo\":{\"@type\":\"ImageObject\",\"inLanguage\":\"fr-FR\",\"@id\":\"https:\/\/moonshotpro.gr\/#\/schema\/logo\/image\/\",\"url\":\"https:\/\/moonshotpro.gr\/wp-content\/uploads\/2023\/03\/logo-dark.png\",\"contentUrl\":\"https:\/\/moonshotpro.gr\/wp-content\/uploads\/2023\/03\/logo-dark.png\",\"width\":696,\"height\":696,\"caption\":\"Moonshot Productions\"},\"image\":{\"@id\":\"https:\/\/moonshotpro.gr\/#\/schema\/logo\/image\/\"}}]}<\/script>\n<!-- \/ Yoast SEO plugin. -->","yoast_head_json":{"title":"Politique de confidentialit\u00e9 - MoonShot","description":"Moonshot Productions se sp\u00e9cialise dans la production de contenu visuel par le biais de photographies, de vid\u00e9ographies et de visites virtuelles en 3D de haute qualit\u00e9.","robots":{"index":"index","follow":"follow","max-snippet":"max-snippet:-1","max-image-preview":"max-image-preview:large","max-video-preview":"max-video-preview:-1"},"canonical":"https:\/\/moonshotpro.gr\/fr\/privacy-policy\/","og_locale":"fr_FR","og_type":"article","og_title":"Politique de confidentialit\u00e9 - MoonShot","og_description":"Moonshot Productions se sp\u00e9cialise dans la production de contenu visuel par le biais de photographies, de vid\u00e9ographies et de visites virtuelles en 3D de haute qualit\u00e9.","og_url":"https:\/\/moonshotpro.gr\/fr\/privacy-policy\/","og_site_name":"MoonShot","article_modified_time":"2025-05-06T08:26:44+00:00","og_image":[{"width":1200,"height":630,"url":"https:\/\/moonshotpro.gr\/wp-content\/uploads\/2023\/03\/Moonshot-OG-image-v2.jpg","type":"image\/jpeg"}],"twitter_card":"summary_large_image","twitter_misc":{"Dur\u00e9e de lecture estim\u00e9e":"4 minutes"},"schema":{"@context":"https:\/\/schema.org","@graph":[{"@type":"WebPage","@id":"https:\/\/moonshotpro.gr\/fr\/privacy-policy\/","url":"https:\/\/moonshotpro.gr\/fr\/privacy-policy\/","name":"Politique de confidentialit\u00e9 - MoonShot","isPartOf":{"@id":"https:\/\/moonshotpro.gr\/#website"},"datePublished":"2023-03-01T14:58:29+00:00","dateModified":"2025-05-06T08:26:44+00:00","description":"Moonshot Productions se sp\u00e9cialise dans la production de contenu visuel par le biais de photographies, de vid\u00e9ographies et de visites virtuelles en 3D de haute qualit\u00e9.","breadcrumb":{"@id":"https:\/\/moonshotpro.gr\/fr\/privacy-policy\/#breadcrumb"},"inLanguage":"fr-FR","potentialAction":[{"@type":"ReadAction","target":["https:\/\/moonshotpro.gr\/fr\/privacy-policy\/"]}]},{"@type":"BreadcrumbList","@id":"https:\/\/moonshotpro.gr\/fr\/privacy-policy\/#breadcrumb","itemListElement":[{"@type":"ListItem","position":1,"name":"Home","item":"https:\/\/moonshotpro.gr\/fr\/"},{"@type":"ListItem","position":2,"name":"Politique de confidentialit\u00e9"}]},{"@type":"WebSite","@id":"https:\/\/moonshotpro.gr\/#website","url":"https:\/\/moonshotpro.gr\/","name":"Moonshot Productions","description":"Productions","publisher":{"@id":"https:\/\/moonshotpro.gr\/#organization"},"potentialAction":[{"@type":"SearchAction","target":{"@type":"EntryPoint","urlTemplate":"https:\/\/moonshotpro.gr\/?s={search_term_string}"},"query-input":"required name=search_term_string"}],"inLanguage":"fr-FR"},{"@type":"Organization","@id":"https:\/\/moonshotpro.gr\/#organization","name":"Moonshot Productions","url":"https:\/\/moonshotpro.gr\/","logo":{"@type":"ImageObject","inLanguage":"fr-FR","@id":"https:\/\/moonshotpro.gr\/#\/schema\/logo\/image\/","url":"https:\/\/moonshotpro.gr\/wp-content\/uploads\/2023\/03\/logo-dark.png","contentUrl":"https:\/\/moonshotpro.gr\/wp-content\/uploads\/2023\/03\/logo-dark.png","width":696,"height":696,"caption":"Moonshot Productions"},"image":{"@id":"https:\/\/moonshotpro.gr\/#\/schema\/logo\/image\/"}}]}},"_links":{"self":[{"href":"https:\/\/moonshotpro.gr\/fr\/wp-json\/wp\/v2\/pages\/4091","targetHints":{"allow":["GET"]}}],"collection":[{"href":"https:\/\/moonshotpro.gr\/fr\/wp-json\/wp\/v2\/pages"}],"about":[{"href":"https:\/\/moonshotpro.gr\/fr\/wp-json\/wp\/v2\/types\/page"}],"author":[{"embeddable":true,"href":"https:\/\/moonshotpro.gr\/fr\/wp-json\/wp\/v2\/users\/1"}],"replies":[{"embeddable":true,"href":"https:\/\/moonshotpro.gr\/fr\/wp-json\/wp\/v2\/comments?post=4091"}],"version-history":[{"count":4,"href":"https:\/\/moonshotpro.gr\/fr\/wp-json\/wp\/v2\/pages\/4091\/revisions"}],"predecessor-version":[{"id":4661,"href":"https:\/\/moonshotpro.gr\/fr\/wp-json\/wp\/v2\/pages\/4091\/revisions\/4661"}],"wp:attachment":[{"href":"https:\/\/moonshotpro.gr\/fr\/wp-json\/wp\/v2\/media?parent=4091"}],"curies":[{"name":"wp","href":"https:\/\/api.w.org\/{rel}","templated":true}]}}